{"id":194,"date":"2017-11-11T14:23:40","date_gmt":"2017-11-11T13:23:40","guid":{"rendered":"http:\/\/www.aws-neckartenzlingen.de\/w\/?page_id=194"},"modified":"2025-11-15T07:57:04","modified_gmt":"2025-11-15T06:57:04","slug":"lehrkraefte-klassen","status":"publish","type":"page","link":"https:\/\/www.aws-neckartenzlingen.de\/w\/lehrkraefte-klassen\/","title":{"rendered":"Klassen &#038; Lehrkr\u00e4fte 2025\/26"},"content":{"rendered":"<p>&nbsp;<\/p>\n<table style=\"width: 96.6584%; height: 1090px;\" border=\"1\" align=\"left\">\n<tbody>\n<tr style=\"height: 24px;\">\n<td style=\"height: 24px; width: 129.986%;\" colspan=\"3\">Im aktuellen Schuljahr werden die Sch\u00fclerinnen und Sch\u00fcler von diesen Klassenlehrerinnen und Klassenlehrern unterrichtet:<\/td>\n<td style=\"width: 14.5379%; height: 24px;\"><\/td>\n<\/tr>\n<tr style=\"height: 24px;\">\n<td style=\"width: 129.986%; height: 24px;\" colspan=\"3\"><\/td>\n<td style=\"width: 14.5379%; height: 24px;\"><\/td>\n<\/tr>\n<tr style=\"height: 24px;\">\n<td style=\"width: 16.8367%; height: 24px;\"><strong>Klasse<\/strong><\/td>\n<td style=\"width: 26.6889%; height: 24px;\"><strong>Klassenlehrer\/in<\/strong><\/td>\n<td style=\"width: 86.4604%; height: 24px;\"><strong>E-Mail-Adresse<\/strong><\/td>\n<td style=\"width: 14.5379%; height: 24px;\"><\/td>\n<\/tr>\n<tr style=\"height: 24px;\">\n<td style=\"width: 129.986%; height: 24px;\" colspan=\"3\"><strong>Grundschule<\/strong><\/td>\n<td style=\"width: 14.5379%; height: 24px;\"><\/td>\n<\/tr>\n<tr style=\"height: 24px;\">\n<td style=\"width: 16.8367%; height: 24px;\">1a<\/td>\n<td style=\"width: 26.6889%; height: 24px;\">Ida Kessler<\/p>\n<p>Corinna Hasel<\/td>\n<td style=\"width: 86.4604%; height: 24px;\"><a href=\"mailto:i.kessler@aws-neckartenzlingen.de\">i.kessler@aws-neckartenzlingen.de<\/a><\/p>\n<p><a href=\"mailto:c.hasel@aws-neckartenzlingen.de\">c.hasel@aws-neckartenzlingen.de<\/a><\/td>\n<td style=\"width: 14.5379%; height: 24px;\"><\/td>\n<\/tr>\n<tr style=\"height: 24px;\">\n<td style=\"width: 16.8367%; height: 24px;\">1b<\/td>\n<td style=\"width: 26.6889%; height: 24px;\">Christine Gaiser<\/td>\n<td style=\"width: 86.4604%; height: 24px;\"><a href=\"mailto:c.gaiser@aws-neckartenzlingen.de\">c.gaiser@aws-neckartenzlingen.de<\/a><\/td>\n<td style=\"width: 14.5379%; height: 24px;\"><\/td>\n<\/tr>\n<tr style=\"height: 10px;\">\n<td style=\"width: 16.8367%; height: 10px;\">2a<\/td>\n<td style=\"width: 26.6889%; height: 10px;\">Franziska Fahr<\/td>\n<td style=\"width: 86.4604%; height: 10px;\"><a href=\"mailto:f.fahr@aws-neckartenzlingen.de\">f.fahr@aws-neckartenzlingen.de<\/a><\/td>\n<td style=\"width: 14.5379%; height: 10px;\"><\/td>\n<\/tr>\n<tr style=\"height: 24px;\">\n<td style=\"width: 16.8367%; height: 24px;\">2b<\/td>\n<td style=\"width: 26.6889%; height: 24px;\">Eike Schmidt<\/td>\n<td style=\"width: 86.4604%; height: 24px;\"><a href=\"mailto:e.schmidt@aws-neckartenzlingen.de\">e.schmidt@aws-neckartenzlingen.de<\/a><\/td>\n<td style=\"width: 14.5379%; height: 24px;\"><\/td>\n<\/tr>\n<tr style=\"height: 24px;\">\n<td style=\"width: 16.8367%; height: 24px;\">3a<\/td>\n<td style=\"width: 26.6889%; height: 24px; text-align: left;\">Bettina Schur<\/td>\n<td style=\"width: 86.4604%; height: 24px;\"><a href=\"mailto:b.schur@aws-neckartenzlingen.de\">b.schur@aws-neckartenzlingen.de<\/a><\/td>\n<td style=\"width: 14.5379%; height: 24px;\"><\/td>\n<\/tr>\n<tr style=\"height: 24px;\">\n<td style=\"width: 16.8367%; height: 24px;\">3b<\/td>\n<td style=\"width: 26.6889%; height: 24px;\">Timo Walter<\/td>\n<td style=\"width: 86.4604%; height: 24px;\"><a href=\"mailto:t.walter@aws-neckartenzlingen.de\">t.walter@aws-neckartenzlingen.de<\/a><\/td>\n<td style=\"width: 14.5379%; height: 24px;\"><\/td>\n<\/tr>\n<tr style=\"height: 24px;\">\n<td style=\"width: 16.8367%; height: 24px;\">3c<\/td>\n<td style=\"width: 26.6889%; height: 24px;\">Annegret Oswald<\/td>\n<td style=\"width: 86.4604%; height: 24px;\"><a href=\"mailto:a.oswald@aws-neckartenzlingen.de\">a.oswald@aws-neckartenzlingen.de<\/a><\/td>\n<td style=\"width: 14.5379%; height: 24px;\"><\/td>\n<\/tr>\n<tr style=\"height: 24px;\">\n<td style=\"width: 16.8367%; height: 24px;\">4a<\/td>\n<td style=\"width: 26.6889%; height: 24px;\">Hanne Sailer<\/td>\n<td style=\"width: 86.4604%; height: 24px;\"><a href=\"mailto:h.sailer@aws-neckartenzlingen.de\">h.sailer@aws-neckartenzlingen.de<\/a><\/td>\n<td style=\"width: 14.5379%; height: 24px;\"><\/td>\n<\/tr>\n<tr style=\"height: 24px;\">\n<td style=\"width: 16.8367%; height: 24px;\">4b<\/td>\n<td style=\"width: 26.6889%; height: 24px;\">Tobias Brenner<\/td>\n<td style=\"width: 86.4604%; height: 24px;\"><a href=\"mailto:t.brenner@aws-neckartenzlingen.de\">t.brenner@aws-neckartenzlingen.de<\/a><\/td>\n<td style=\"width: 14.5379%; height: 24px;\"><\/td>\n<\/tr>\n<tr style=\"height: 24px;\">\n<td style=\"width: 16.8367%; height: 24px;\">4c<\/td>\n<td style=\"width: 26.6889%; height: 24px;\">Katja Danic<\/p>\n<p>Katharina Gollmer<\/td>\n<td style=\"width: 86.4604%; height: 24px;\"><a href=\"mailto:k.danic@aws-neckartenzlingen.de\">k.danic@aws-neckartenzlingen.de<\/a><\/p>\n<p><a href=\"mailto:k.gollmer@aws-neckartenzlingen.de\">k.gollmer@aws-neckartenzlingen.de<\/a><\/td>\n<td style=\"width: 14.5379%; height: 24px;\"><\/td>\n<\/tr>\n<tr style=\"height: 24px;\">\n<td style=\"width: 16.8367%; height: 24px;\">VKL (GS)<\/td>\n<td style=\"width: 26.6889%; height: 24px;\">Katja Kolb<\/td>\n<td style=\"width: 86.4604%; height: 24px;\"><a href=\"mailto:k.kolb@aws-neckartenzlingen.de\">k.kolb@aws-neckartenzlingen.de<\/a><\/td>\n<td style=\"width: 14.5379%; height: 24px;\"><\/td>\n<\/tr>\n<tr style=\"height: 24px;\">\n<td style=\"width: 129.986%; height: 24px;\" colspan=\"3\"><strong>\u00a0<\/strong><\/td>\n<td style=\"width: 14.5379%; height: 24px;\"><\/td>\n<\/tr>\n<tr style=\"height: 24px;\">\n<td style=\"height: 24px; width: 129.986%;\" colspan=\"3\"><strong>Werkrealschule<\/strong><\/td>\n<td style=\"width: 14.5379%; height: 24px;\"><\/td>\n<\/tr>\n<tr style=\"height: 24px;\">\n<td style=\"width: 16.8367%; height: 24px;\">5<\/td>\n<td style=\"width: 26.6889%; height: 24px;\">Tanja Misselwitz<\/td>\n<td style=\"width: 86.4604%; height: 24px;\"><a href=\"mailto:t.misselwitz@aws-neckartenzlingen.de\">t.misselwitz@aws-neckartenzlingen.de<\/a><\/td>\n<td style=\"width: 14.5379%; height: 24px;\"><\/td>\n<\/tr>\n<tr style=\"height: 24px;\">\n<td style=\"width: 16.8367%; height: 24px;\">6<\/td>\n<td style=\"width: 26.6889%; height: 24px;\">Maren Neureuter<\/td>\n<td style=\"width: 86.4604%; height: 24px;\"><a href=\"mailto:m.neureuter@aws-neckartenzlingen.de\">m.neureuter@aws-neckartenzlingen.de<\/a><\/td>\n<td style=\"width: 14.5379%; height: 24px;\"><\/td>\n<\/tr>\n<tr style=\"height: 24px;\">\n<td style=\"width: 16.8367%; height: 24px;\">7<\/td>\n<td style=\"width: 26.6889%; height: 24px;\">Uwe Secker<\/td>\n<td style=\"width: 86.4604%; height: 24px;\"><a href=\"mailto:u.secker@aws-neckartenzlingen.de\">u.secker@aws-neckartenzlingen.de<\/a><\/td>\n<td style=\"width: 14.5379%; height: 24px;\"><\/td>\n<\/tr>\n<tr style=\"height: 24px;\">\n<td style=\"width: 16.8367%; height: 24px;\">8<\/td>\n<td style=\"width: 26.6889%; height: 24px;\">Christian Kittel<\/td>\n<td style=\"width: 86.4604%; height: 24px;\"><a href=\"mailto:c.kittel@aws-neckartenzlingen.de\">c.kittel@aws-neckartenzlingen.de<\/a><\/td>\n<td style=\"width: 14.5379%; height: 24px;\"><\/td>\n<\/tr>\n<tr style=\"height: 24px;\">\n<td style=\"width: 16.8367%; height: 24px;\">9<\/td>\n<td style=\"width: 26.6889%; height: 24px;\">Philipp Koch<\/td>\n<td style=\"width: 86.4604%; height: 24px;\"><a href=\"mailto:p.koch@aws-neckartenzlingen.de\">p.koch@aws-neckartenzlingen.de<\/a><\/td>\n<td style=\"width: 14.5379%; height: 24px;\"><\/td>\n<\/tr>\n<tr style=\"height: 24px;\">\n<td style=\"width: 16.8367%; height: 24px;\">VKL (WRS)<\/td>\n<td style=\"width: 26.6889%; height: 24px;\">Birgit Heinzmann<\/td>\n<td style=\"width: 86.4604%; height: 24px;\"><a href=\"mailto:b.heinzmann@aws-neckartenzlingen.de\">b.heinzmann@aws-neckartenzlingen.de<\/a><\/td>\n<td style=\"width: 14.5379%; height: 24px;\"><\/td>\n<\/tr>\n<tr style=\"height: 24px;\">\n<td style=\"width: 129.986%; height: 24px;\" colspan=\"3\"><\/td>\n<td style=\"width: 14.5379%; height: 24px;\"><\/td>\n<\/tr>\n<tr style=\"height: 24px;\">\n<td style=\"width: 129.986%; height: 24px;\" colspan=\"3\"><strong>Au\u00dferdem unterrichten die folgenden Fachlehrkr\u00e4fte in den Klassen 1 bis 10:<br \/>\n<\/strong><\/td>\n<td style=\"width: 14.5379%; height: 24px;\"><\/td>\n<\/tr>\n<tr style=\"height: 24px;\">\n<td style=\"width: 16.8367%; height: 24px;\"><strong>F\u00e4cher<\/strong><\/td>\n<td style=\"width: 26.6889%; height: 24px;\"><strong>Lehrkraft<\/strong><\/td>\n<td style=\"width: 86.4604%; height: 24px;\"><strong>E-Mail-Adresse<\/strong><\/td>\n<td style=\"width: 14.5379%; height: 24px;\"><\/td>\n<\/tr>\n<tr style=\"height: 24px;\">\n<td style=\"width: 16.8367%; height: 24px;\">D, AES, Ek<\/td>\n<td style=\"width: 26.6889%; height: 24px;\">Stephan Gerhauser<\/td>\n<td style=\"width: 86.4604%; height: 24px;\"><a href=\"mailto:s.gerhauser@aws-neckartenzlingen.de\">s.gerhauser@aws-neckartenzlingen.de<\/a><\/td>\n<td style=\"width: 14.5379%; height: 24px;\"><\/td>\n<\/tr>\n<tr style=\"height: 24px;\">\n<td style=\"width: 16.8367%; height: 24px;\">Rrk<\/td>\n<td style=\"width: 26.6889%; height: 24px;\">Susanne Kr\u00fcger-Hummes<\/td>\n<td style=\"width: 86.4604%; height: 24px;\"><span style=\"font-size: 12pt;\"><a href=\"mailto:s.krueger-h@aws-neckartenzlingen.de\">s.krueger-h@aws-neckartenzlingen.de <\/a><\/span><\/td>\n<td style=\"width: 14.5379%; height: 24px;\"><\/td>\n<\/tr>\n<tr style=\"height: 24px;\">\n<td style=\"width: 16.8367%; height: 24px;\">Lehramtsanw\u00e4rterin<\/td>\n<td style=\"width: 26.6889%; height: 24px;\">Yvonne Kaltenbach<\/td>\n<td style=\"width: 86.4604%; height: 24px;\"><a href=\"mailto:y.kaltenbach@aws-neckartenzlingen.de\"><span style=\"font-size: 12pt;\">y.kaltenbach@aws-neckartenzlingen.de<\/span><\/a><\/td>\n<td style=\"width: 14.5379%; height: 24px;\"><\/td>\n<\/tr>\n<tr style=\"height: 24px;\">\n<td style=\"width: 16.8367%; height: 24px;\">AES, Bk, Mus, Eth<\/td>\n<td style=\"width: 26.6889%; height: 24px;\">Anne Lang<\/td>\n<td style=\"width: 86.4604%; height: 24px;\"><a href=\"mailto:a.lang@aws-neckartenzlingen.de\">a.lang@aws-neckartenzlingen.de<\/a><\/td>\n<td style=\"width: 14.5379%; height: 24px;\"><\/td>\n<\/tr>\n<tr style=\"height: 24px;\">\n<td style=\"width: 16.8367%; height: 24px;\">Bk, G, Sp<\/td>\n<td style=\"width: 26.6889%; height: 24px;\">Sylvia Leis<\/td>\n<td style=\"width: 86.4604%; height: 24px;\"><a href=\"mailto:s.leis@aws-neckartenzlingen.de\">s.leis@aws-neckartenzlingen.de<\/a><\/td>\n<td style=\"width: 14.5379%; height: 24px;\"><\/td>\n<\/tr>\n<tr style=\"height: 24px;\">\n<td style=\"width: 16.8367%; height: 24px;\">Inf, Sp, Te<\/td>\n<td style=\"width: 26.6889%; height: 24px;\">Bj\u00f6rn Sch\u00e4del<\/td>\n<td style=\"width: 86.4604%; height: 24px;\"><a href=\"mailto:b.schaedel@aws-neckartenzlingen.de\">b.schaedel@aws-neckartenzlingen.de<\/a><\/td>\n<td style=\"width: 14.5379%; height: 24px;\"><\/td>\n<\/tr>\n<tr style=\"height: 24px;\">\n<td style=\"width: 16.8367%; height: 24px;\">D, G, Bk, Mus, Inf<\/td>\n<td style=\"width: 26.6889%; height: 24px;\">Amelie Schmid<\/td>\n<td style=\"width: 86.4604%; height: 24px;\"><a href=\"mailto:a.schmid@aws-neckartenzlingen.de\">a.schmid@aws-neckartenzlingen.de<\/a><\/td>\n<td style=\"width: 14.5379%; height: 24px;\"><\/td>\n<\/tr>\n<tr>\n<td style=\"width: 16.8367%;\">AES, Sp<\/td>\n<td style=\"width: 26.6889%;\">Jael Siegert<\/td>\n<td style=\"width: 86.4604%;\"><a href=\"mailto:j.siegert@aws-neckartenzlingen.de\">j.siegert@aws-neckartenzlingen.de<\/a><\/td>\n<td style=\"width: 14.5379%;\"><\/td>\n<\/tr>\n<tr style=\"height: 24px;\">\n<td style=\"width: 129.986%; height: 24px;\" colspan=\"3\"><\/td>\n<td style=\"width: 14.5379%; height: 24px;\"><\/td>\n<\/tr>\n<tr style=\"height: 48px;\">\n<td style=\"width: 129.986%; height: 48px;\" colspan=\"3\"><strong>Diese Lehrkr\u00e4fte der Janusz-Korczak-Schule f\u00fcr Erziehungshilfe sind im Rahmen der Kooperation bzw. inklusiven Beschulung an der Auwiesenschule t\u00e4tig:<\/strong><\/td>\n<td style=\"width: 14.5379%; height: 48px;\"><\/td>\n<\/tr>\n<tr style=\"height: 48px;\">\n<td style=\"width: 16.8367%; height: 48px;\"><\/td>\n<td style=\"width: 26.6889%; height: 48px;\">Ute Dickgiesser<\/td>\n<td style=\"width: 86.4604%; height: 48px;\"><a href=\"mailto:u.dickgiesser@aws-neckartenzlingen.de\">u.dickgiesser@aws-neckartenzlingen.de<\/a><\/td>\n<td style=\"width: 14.5379%; height: 48px;\"><\/td>\n<\/tr>\n<tr style=\"height: 24px;\">\n<td style=\"width: 16.8367%; height: 24px;\"><\/td>\n<td style=\"width: 26.6889%; height: 24px;\">Sylvia Schirrmacher<\/td>\n<td style=\"width: 86.4604%; height: 24px;\"><a href=\"mailto:s.schirrmacher@aws-neckartenzlingen.de\">s.schirrmacher@aws-neckartenzlingen.de<\/a><\/td>\n<td style=\"width: 14.5379%; height: 24px;\"><\/td>\n<\/tr>\n<tr style=\"height: 24px;\">\n<td style=\"width: 16.8367%; height: 24px;\"><\/td>\n<td style=\"width: 26.6889%; height: 24px;\">Carola Schweizer<\/td>\n<td style=\"width: 86.4604%; height: 24px;\"><a href=\"mailto:c.schweizer@aws-neckartenzlingen.de\">c.schweizer@aws-neckartenzlingen.de<\/a><\/td>\n<td style=\"width: 14.5379%; height: 24px;\"><\/td>\n<\/tr>\n<tr style=\"height: 24px;\">\n<td style=\"width: 129.986%; height: 24px;\" colspan=\"3\"><span style=\"font-size: 1pt; color: #ffffff;\">Email Lehrer<\/span><\/td>\n<td style=\"width: 14.5379%; height: 24px;\"><\/td>\n<\/tr>\n<tr style=\"height: 24px;\">\n<td style=\"width: 129.986%; height: 24px;\" colspan=\"3\">Als P\u00e4dagogische Assistentin unterst\u00fctzt die Lehrerinnen und Lehrer bei ihrer Arbeit:<\/td>\n<td style=\"width: 14.5379%; height: 24px;\"><\/td>\n<\/tr>\n<tr style=\"height: 24px;\">\n<td style=\"width: 16.8367%; height: 24px;\">GS<\/td>\n<td style=\"width: 26.6889%; height: 24px;\">Angelika Harmutter<\/td>\n<td style=\"width: 86.4604%; height: 24px;\"><a href=\"mailto:a.harmutter@aws-neckartenzlingen.de\">a.harmutter@aws-neckartenzlingen.de<\/a><\/td>\n<td style=\"width: 14.5379%; height: 24px;\"><\/td>\n<\/tr>\n<\/tbody>\n<\/table>\n<p>&nbsp;<\/p>\n","protected":false},"excerpt":{"rendered":"<p>&nbsp; Im aktuellen Schuljahr werden die Sch\u00fclerinnen und Sch\u00fcler von diesen Klassenlehrerinnen und Klassenlehrern unterrichtet:<\/p>\n","protected":false},"author":1,"featured_media":0,"parent":0,"menu_order":0,"comment_status":"closed","ping_status":"closed","template":"","meta":{"_themeisle_gutenberg_block_has_review":false,"footnotes":""},"class_list":["post-194","page","type-page","status-publish","hentry"],"publishpress_future_action":{"enabled":false,"date":"2026-05-09 04:16:19","action":"change-status","newStatus":"draft","terms":[],"taxonomy":"","extraData":[]},"publishpress_future_workflow_manual_trigger":{"enabledWorkflows":[]},"_links":{"self":[{"href":"https:\/\/www.aws-neckartenzlingen.de\/w\/wp-json\/wp\/v2\/pages\/194","targetHints":{"allow":["GET"]}}],"collection":[{"href":"https:\/\/www.aws-neckartenzlingen.de\/w\/wp-json\/wp\/v2\/pages"}],"about":[{"href":"https:\/\/www.aws-neckartenzlingen.de\/w\/wp-json\/wp\/v2\/types\/page"}],"author":[{"embeddable":true,"href":"https:\/\/www.aws-neckartenzlingen.de\/w\/wp-json\/wp\/v2\/users\/1"}],"replies":[{"embeddable":true,"href":"https:\/\/www.aws-neckartenzlingen.de\/w\/wp-json\/wp\/v2\/comments?post=194"}],"version-history":[{"count":136,"href":"https:\/\/www.aws-neckartenzlingen.de\/w\/wp-json\/wp\/v2\/pages\/194\/revisions"}],"predecessor-version":[{"id":30947,"href":"https:\/\/www.aws-neckartenzlingen.de\/w\/wp-json\/wp\/v2\/pages\/194\/revisions\/30947"}],"wp:attachment":[{"href":"https:\/\/www.aws-neckartenzlingen.de\/w\/wp-json\/wp\/v2\/media?parent=194"}],"curies":[{"name":"wp","href":"https:\/\/api.w.org\/{rel}","templated":true}]}}