{"id":273,"date":"2017-11-12T14:03:42","date_gmt":"2017-11-12T13:03:42","guid":{"rendered":"http:\/\/www.aws-neckartenzlingen.de\/w\/?page_id=273"},"modified":"2023-12-26T18:12:56","modified_gmt":"2023-12-26T17:12:56","slug":"ganztagsschule","status":"publish","type":"page","link":"https:\/\/www.aws-neckartenzlingen.de\/w\/ganztagsschule\/","title":{"rendered":"Ganztagesschule"},"content":{"rendered":"<p>Die Werkrealschule ist als Ganztagesschule organisiert. Das bedeutet f\u00fcr Sie, dass Ihr Sohn\/Ihre Tochter verl\u00e4sslich von Montag bis Donnerstag 7.30 Uhr bis 15.25 Uhr in der Schule ist, Freitags von 7.30 Uhr bis 13.00 Uhr.<\/p>\n<table style=\"width: 643px;\" border=\"1\" cellspacing=\"0\" cellpadding=\"0\">\n<tbody>\n<tr>\n<td style=\"width: 42px; text-align: center;\" valign=\"top\"><strong>Zeit<\/strong><\/td>\n<td style=\"width: 97px; text-align: center;\" valign=\"top\"><strong>Montag<br \/>\n<\/strong><\/td>\n<td style=\"width: 91.0333px; text-align: center;\" valign=\"top\"><strong>\u00a0Dienstag<br \/>\n<\/strong><\/td>\n<td style=\"width: 97.9667px; text-align: center;\" valign=\"top\"><strong>Mittwoch<\/strong><\/td>\n<td style=\"width: 105px; text-align: center;\" valign=\"top\"><strong>\u00a0\u00a0 Donnerstag<br \/>\n<\/strong><\/td>\n<td style=\"width: 111px; text-align: center;\" valign=\"top\"><strong>Freitag<\/strong><\/td>\n<\/tr>\n<tr>\n<td style=\"width: 42px;\" valign=\"top\"><strong>7.30 \u2013 7.45<\/strong><\/td>\n<td style=\"width: 502px;\" colspan=\"5\" valign=\"top\">\n<p align=\"center\"><strong>ANKOMMEN<\/strong><\/p>\n<\/td>\n<\/tr>\n<tr>\n<td style=\"width: 42px;\" valign=\"top\"><strong>7.45 &#8211; 11.30<\/strong><\/td>\n<td style=\"width: 502px;\" colspan=\"5\" valign=\"top\">\n<p align=\"center\"><strong>4 STUNDEN KERN- <\/strong><\/p>\n<p align=\"center\"><strong>UNTERRICHT<\/strong><\/p>\n<\/td>\n<\/tr>\n<tr>\n<td style=\"width: 42px;\" valign=\"top\"><strong>11.30 &#8211;\u00a0 12.15<\/strong><\/td>\n<td style=\"width: 391px;\" colspan=\"4\" valign=\"top\">\n<p align=\"center\"><strong>\u00dcbungsstunde bzw. Mittagessen<\/strong><\/p>\n<\/td>\n<td style=\"width: 111px;\" valign=\"top\"><strong>UNTERRICHT<\/strong><\/td>\n<\/tr>\n<tr>\n<td style=\"width: 42px;\" valign=\"top\"><strong>12.15 \u2013 13.00<\/strong><\/td>\n<td style=\"width: 391px;\" colspan=\"4\" valign=\"top\">\n<p align=\"center\"><strong>Mittagessen bzw. \u00dcbungsstunde<\/strong><\/p>\n<\/td>\n<td style=\"width: 111px;\" valign=\"top\"><strong>UNTERRICHT<\/strong><\/td>\n<\/tr>\n<tr>\n<td style=\"width: 42px;\" valign=\"top\"><strong>13.00 \u2013 15.25<\/strong><\/td>\n<td style=\"width: 188.033px; text-align: center;\" colspan=\"2\" valign=\"top\"><strong>UNTERRICHT<\/strong><\/td>\n<td style=\"width: 97.9667px; text-align: center;\" valign=\"top\"><strong>AG<\/strong><\/td>\n<td style=\"width: 105px; text-align: center;\" valign=\"top\"><strong>UNTERRICHT<\/strong><\/td>\n<td style=\"width: 111px;\" valign=\"top\"><strong>\u00a0<\/strong><\/td>\n<\/tr>\n<\/tbody>\n<\/table>\n<p><strong>Neben den Lehrkr\u00e4ften werden qualifizierte ehrenamtliche Personen in der Ganztagesbetreuung der Schule erg\u00e4nzend eingesetzt.<\/strong><\/p>\n<h1>Stundenplankonzept und Angebote p\u00e4dagogisch orientierter Freizeitaktivit\u00e4ten<\/h1>\n<p>Rhythmisiert wird der Tag durch den Wechsel von lernintensiven (\u201eanstrengenden\u201c) F\u00e4chern mit sportlich-musischen F\u00e4chern und durch zwei l\u00e4ngere Erholungsphasen in einer Spiel- und Bewegungspause von 9.20 &#8211;\u00a0 9.40 Uhr und einer Erholungsphase von 11.15 \u2013 11.25 Uhr.<\/p>\n<p>Im Rahmen unserer Arbeitsgemeinschaften werden Sch\u00fclern zahlreiche M\u00f6glichkeiten geboten, freizeitorientierte und entspannende Themen auszuw\u00e4hlen, bzw. entsprechende T\u00e4tigkeiten auszu\u00fcben. Ob diese Angebote im jeweiligen Schuljahr stattfinden k\u00f6nnen, ist allerdings von der Personalversorgung, der finanziellen Unterst\u00fctzung bzw. der Gewinnung ehrenamtlicher Kr\u00e4fte abh\u00e4ngig.<\/p>\n<p>Erweitert werden diese unterrichtlichen Angebote durch p\u00e4dagogische Ma\u00dfnahmen der Schulsozialp\u00e4dagogik zur Erweiterung der sozialen und personalen Kompetenzen der Sch\u00fcler.<\/p>\n<p><strong>Mittagessen<br \/>\n<\/strong>Unsere Sch\u00fcler haben die M\u00f6glichkeit, in der Mensa des Schulzentrums ein Mittagessen einzunehmen oder im Aufenthaltsraum bzw. dem Sch\u00fclercafe ein mitgebrachtes Essen zu sich zu nehmen. Formulare zur Beantragung einer Mensakarte k\u00f6nnen im Sekretariat abgeholt oder auf der <a href=\"https:\/\/www.mensatreff.de\/mensakarten\/\" target=\"_blank\" rel=\"noopener\">Homepage des Mensavereins<\/a> heruntergeladen werden.<\/p>\n<p><strong>Aufsicht<br \/>\n<\/strong>Im Rahmen der oben genannten Zeiten unterliegen die Sch\u00fcler der Aufsicht der Schule. Bedingung daf\u00fcr ist allerdings, dass die Sch\u00fcler sich auf dem Schulgel\u00e4nde aufhalten. Sollten Sie w\u00fcnschen, dass Ihr Kind sich w\u00e4hrend der Mittagspause vom Schulgel\u00e4nde entfernen darf (dazu geh\u00f6ren alle Bereiche au\u00dferhalb des Schulgel\u00e4ndes, also auch z.B. das Tennisst\u00fcble oder L\u00e4den im Dorf) m\u00fcssen Sie uns dies schriftlich mitteilen.<\/p>\n<p>Sollten Sie noch weitere Fragen haben, rufen Sie bitte an. Die Schulsekret\u00e4rin, Frau G\u00fcnther, oder die Schulleitung geben Ihnen gerne Auskunft.<\/p>\n","protected":false},"excerpt":{"rendered":"<p>Die Werkrealschule ist als Ganztagesschule organisiert. Das bedeutet f\u00fcr Sie, dass Ihr Sohn\/Ihre Tochter verl\u00e4sslich<\/p>\n","protected":false},"author":1,"featured_media":215,"parent":0,"menu_order":0,"comment_status":"closed","ping_status":"closed","template":"","meta":{"_themeisle_gutenberg_block_has_review":false,"footnotes":""},"class_list":["post-273","page","type-page","status-publish","has-post-thumbnail","hentry"],"publishpress_future_action":{"enabled":false,"date":"2026-05-23 21:48:37","action":"change-status","newStatus":"draft","terms":[],"taxonomy":"","extraData":[]},"publishpress_future_workflow_manual_trigger":{"enabledWorkflows":[]},"_links":{"self":[{"href":"https:\/\/www.aws-neckartenzlingen.de\/w\/wp-json\/wp\/v2\/pages\/273","targetHints":{"allow":["GET"]}}],"collection":[{"href":"https:\/\/www.aws-neckartenzlingen.de\/w\/wp-json\/wp\/v2\/pages"}],"about":[{"href":"https:\/\/www.aws-neckartenzlingen.de\/w\/wp-json\/wp\/v2\/types\/page"}],"author":[{"embeddable":true,"href":"https:\/\/www.aws-neckartenzlingen.de\/w\/wp-json\/wp\/v2\/users\/1"}],"replies":[{"embeddable":true,"href":"https:\/\/www.aws-neckartenzlingen.de\/w\/wp-json\/wp\/v2\/comments?post=273"}],"version-history":[{"count":13,"href":"https:\/\/www.aws-neckartenzlingen.de\/w\/wp-json\/wp\/v2\/pages\/273\/revisions"}],"predecessor-version":[{"id":29859,"href":"https:\/\/www.aws-neckartenzlingen.de\/w\/wp-json\/wp\/v2\/pages\/273\/revisions\/29859"}],"wp:featuredmedia":[{"embeddable":true,"href":"https:\/\/www.aws-neckartenzlingen.de\/w\/wp-json\/wp\/v2\/media\/215"}],"wp:attachment":[{"href":"https:\/\/www.aws-neckartenzlingen.de\/w\/wp-json\/wp\/v2\/media?parent=273"}],"curies":[{"name":"wp","href":"https:\/\/api.w.org\/{rel}","templated":true}]}}