{"id":43,"date":"2017-11-10T19:12:06","date_gmt":"2017-11-10T18:12:06","guid":{"rendered":"http:\/\/www.aws-neckartenzlingen.de\/w\/?page_id=43"},"modified":"2026-01-16T16:27:09","modified_gmt":"2026-01-16T15:27:09","slug":"links-downloads","status":"publish","type":"page","link":"https:\/\/www.aws-neckartenzlingen.de\/w\/links-downloads\/","title":{"rendered":"Links &#038; Downloads"},"content":{"rendered":"<p><strong>Hier stellen wir Links und Dokumentendownloads in aktueller Version bereit.<\/strong><\/p>\n<hr \/>\n<p><a href=\"https:\/\/www.aws-neckartenzlingen.de\/w\/auwiesenschule-a-z\/\" target=\"_blank\" rel=\"noopener noreferrer\">Schulordnung der Auwiesenschule<\/a><\/p>\n<p><a href=\"https:\/\/www.aws-neckartenzlingen.de\/w\/wp-content\/uploads\/2025\/09\/Schulwegeplan_Neckartenzlingen.pdf\">Schulwegplan (pdf)<\/a><\/p>\n<p><a href=\"https:\/\/www.aws-neckartenzlingen.de\/w\/wp-content\/uploads\/2025\/03\/Ferienplan_NT_2025-2026_genehmigt.pdf\" target=\"_blank\" rel=\"noopener\">Ferienplan 2025\/26 (pdf)<\/a><\/p>\n<p><a href=\"https:\/\/www.aws-neckartenzlingen.de\/w\/wp-content\/uploads\/2025\/12\/Ferienplan_NT_2026-2027_genehmigt.pdf\">Ferienplan 2026\/27 (pdf)<\/a><\/p>\n<p><a href=\"https:\/\/mensatreff.inetmenue.de\/fs\/menu\/week\" target=\"_blank\" rel=\"noopener\">Mensa des Schulzentrums Neckartenzlingen<\/a><\/p>\n<p><a href=\"https:\/\/www.aws-neckartenzlingen.de\/w\/wp-content\/uploads\/2017\/11\/Nutzungsordnung_der_Computereinrichtungen_an_der_AWS.pdf\" target=\"_blank\" rel=\"noopener noreferrer\">Nutzungsordnung der Computereinrichtungen an der AWS (pdf)<\/a><\/p>\n<p><a href=\"https:\/\/www.aws-neckartenzlingen.de\/w\/wp-content\/uploads\/2017\/11\/Tragen_von_Schmuck_im_Sportunterricht.pdf\" target=\"_blank\" rel=\"noopener noreferrer\">Tragen von Schmuck im Sportunterricht (pdf)<\/a><\/p>\n<hr \/>\n<p><strong>Allgemeine Informationen zur Werkrealschul- und Hauptschulabschlusspr\u00fcfung:<\/strong><\/p>\n<p>Im Film: Das Konzept der <a href=\"https:\/\/km.baden-wuerttemberg.de\/de\/service\/media\/mid\/die-werkrealschule-hauptschule-in-baden-wuerttemberg\" target=\"_blank\" rel=\"noopener noreferrer\">Haupt &#8211; \/ Werkrealschule<\/a><\/p>\n<p><a href=\"https:\/\/km.baden-wuerttemberg.de\/de\/schule\/hauptschule\/werkrealschule\/pruefungsregelungen\" target=\"_blank\" rel=\"noopener\">Regelungen<\/a> des Ministeriums f\u00fcr Kultus und Sport zu den Pr\u00fcfungen (pdf)<\/p>\n<p>FAQs auf der Seite des Kultusministeriums zur Haupt- und Werkrealschule<\/p>\n<p>Die aktuellen <a href=\"https:\/\/www.aws-neckartenzlingen.de\/w\/pruefungstermine\/\">Pr\u00fcfungstermine<\/a><\/p>\n<hr \/>\n<p><strong>Formbl\u00e4tter zur <\/strong><a href=\"https:\/\/km.baden-wuerttemberg.de\/de\/service\/gesetze-und-verordnungen\/masernschutzgesetz?highlight=Masernschutzimpfung\" target=\"_blank\" rel=\"noopener noreferrer\">Masernschutzimpfung<\/a>:<\/p>\n<p><a href=\"https:\/\/www.aws-neckartenzlingen.de\/w\/wp-content\/uploads\/2020\/07\/Anschreiben-Masern-fuer-Eltern-bereits-aufgenommene-SuS.pdf\" target=\"_blank\" rel=\"noopener noreferrer\">Formular f\u00fcr Eltern bereits aufgenommener Sch\u00fcler*innen<\/a><\/p>\n<p><a href=\"https:\/\/www.aws-neckartenzlingen.de\/w\/wp-content\/uploads\/2020\/07\/Anschreiben-Masern-neue-Schueler.pdf\" target=\"_blank\" rel=\"noopener noreferrer\">Formular f\u00fcr Eltern neu aufzunehmender Sch\u00fcler*innen<\/a><\/p>\n<p><a href=\"https:\/\/www.aws-neckartenzlingen.de\/w\/wp-content\/uploads\/2020\/07\/Bescheinigung-ueber-den-Masernschutz-2020_bei-nicht-lesbarem-Nachweis.pdf\" target=\"_blank\" rel=\"noopener noreferrer\">Bescheinigung \u00fcber den Masernschutz bei nicht lesbarem Nachweis<\/a><\/p>\n<p>Infos des Kultusministeriums und fremdsprachliche (Arabisch, Englisch, Franz\u00f6sisch, Italienisch, Russisch, T\u00fcrkisch, Griechisch) Anschreiben gibt es <a href=\"https:\/\/km.baden-wuerttemberg.de\/de\/service\/gesetze-und-verordnungen\/masernschutzgesetz?highlight=Masernschutzimpfung\" target=\"_blank\" rel=\"noopener noreferrer\">hier<\/a>.<\/p>\n<hr \/>\n<p><strong>Links zum Themenfeld Berufsorientierung<\/strong><\/p>\n<p>Hier findet sich unsere Linksammlung zu Themen aus dem Bereich <a href=\"https:\/\/www.aws-neckartenzlingen.de\/w\/links-zur-berufsorientierung\/\">Berufsorientierung<\/a>.<\/p>\n<hr \/>\n<p><strong>Allgemeine Informationen zu Schule und Bildung:<\/strong><\/p>\n<p><a href=\"https:\/\/km.baden-wuerttemberg.de\/de\/startseite\" target=\"_blank\" rel=\"noopener noreferrer\">Kultusministerium Baden-W\u00fcrttemberg <\/a><\/p>\n<p><a href=\"http:\/\/www.bildungsplaene-bw.de\/,Lde\/Startseite\" target=\"_blank\" rel=\"noopener noreferrer\">Bildungspl\u00e4ne 2016<\/a><\/p>\n<p><a href=\"http:\/\/www.schule-bw.de\/themen-und-impulse\/ideenpool-lesen\/grundschule\/index.html\" target=\"_blank\" rel=\"noopener noreferrer\">Landesbildungsserver &#8211; Die Grundschule<\/a><\/p>\n<p><a href=\"http:\/\/www.schule-bw.de\/faecher-und-schularten\/schularten\/werkrealschule-hauptschule\/index.html\" target=\"_blank\" rel=\"noopener noreferrer\">Landesbildungsserver &#8211; Die Haupt- und Werkrealschule<\/a><\/p>\n<p><a href=\"http:\/\/www.bildungsserver.de\/start.html\" target=\"_blank\" rel=\"noopener noreferrer\">Deutscher Bildungsserver<\/a><\/p>\n<hr \/>\n<p><strong>Suchmaschinen f\u00fcr Sch\u00fclerinnen und Sch\u00fcler:<\/strong><\/p>\n<p><a href=\"http:\/\/www.blinde-kuh.de\" target=\"_blank\" rel=\"noopener noreferrer\">Blinde Kuh<\/a><\/p>\n<p><a href=\"http:\/\/www.helles-koepfchen.de\" target=\"_blank\" rel=\"noopener noreferrer\">Helles K\u00f6pfchen<br \/>\n<\/a><\/p>\n<hr \/>\n<p><strong>F\u00fcr Sch\u00fcler und Eltern:<\/strong><\/p>\n<p><a href=\"http:\/\/www.stiftung-tragwerk.de\" target=\"_blank\" rel=\"noopener noreferrer\">Stiftung Tragwerk: Jugendhilfe\/Erziehungshilfe<\/a><\/p>\n<p><a href=\"http:\/\/www.stiftung-tragwerk.de\/schulen\/janusz-korczak-schule\/\" target=\"_blank\" rel=\"noopener noreferrer\">Janusz-Korczak-Schule Kirchheim, Schule f\u00fcr Erziehungshilfe<\/a><\/p>\n<p><a href=\"http:\/\/www.tes-nuertingen.de\/startseite\/\" target=\"_blank\" rel=\"noopener noreferrer\">Theodor-Eisenlohr-Schule N\u00fcrtingen, F\u00f6rderschule<\/a><\/p>\n<p><a href=\"http:\/\/www.jh-neckartenzlingen.de\/\" target=\"_blank\" rel=\"noopener noreferrer\">Jugendhaus Neckartenzlingen<\/a><\/p>\n<p><a href=\"http:\/\/www.mensatreff.de\/\" target=\"_blank\" rel=\"noopener noreferrer\">Homepage der Mensa am Schulzentrums Neckartenzlingen<\/a><\/p>\n<p><a href=\"http:\/\/www.bildungsserver.de\/Wie-geht-s-weiter-nach-der-Schule-Studien-und-Berufswahlinformationen-1323.html\" target=\"_blank\" rel=\"noopener noreferrer\">Wie geht&#8217;s weiter nach der Schule? Studien- und Berufswahlinformationen<\/a><\/p>\n<p><a href=\"https:\/\/www.rausvonzuhaus.de\/\" target=\"_blank\" rel=\"noopener noreferrer\">RausVonZuhaus &#8211; Auslandsaufenthalte f\u00fcr Jugendliche<\/a><\/p>\n<p><a href=\"http:\/\/www.onbera.de\" target=\"_blank\" rel=\"noopener noreferrer\">Online-Beratung bei Problemen f\u00fcr Sch\u00fclerinnen und Sch\u00fcler<\/a><\/p>\n<p><a href=\"https:\/\/www.ich-bin-alles.de\/\" target=\"_blank\" rel=\"noopener\">&#8222;Ich bin alles&#8220;: Infoportal zur Depression und psychischen Gesundheit bei Kindern und Jugendlichen<\/a><\/p>\n<p><a href=\"https:\/\/km.baden-wuerttemberg.de\/fileadmin\/redaktion\/m-km\/intern\/PDF\/Publikationen\/Berufliche_Bildung\/KM_OES_Schulabsentismus_210330__bf.pdf\" target=\"_blank\" rel=\"noopener\">Info-Brosch\u00fcre f\u00fcr Eltern zum Thema Schulabsentismus<\/a><\/p>\n<hr \/>\n<p><strong>Links f\u00fcr den Unterricht:<\/strong><\/p>\n<p><a href=\"https:\/\/www.autenrieths.de\/lehrertools\" target=\"_blank\" rel=\"noopener\">Lehrertools: Umfangreiche Linksammlung<\/a><\/p>\n<p><a href=\"http:\/\/www.schule-bw.de\/faecher-und-schularten\/mathematisch-naturwissenschaftliche-faecher\/mathematik\/unterrichtsmaterialien\/sekundarstufe1\/messen\/dreieckshoehen\/faecher-und-schularten\/mathematisch-naturwissenschaftliche-faecher\/mathematik\/unterrichtsmaterialien\/sekundarstufe1\/messen\/dreieckshoehen\/dreieckshoehen_online.html\" target=\"_blank\" rel=\"noopener noreferrer\">Mathe: H\u00f6hen in Dreiecken<\/a><\/p>\n<p><a href=\"https:\/\/www.aws-neckartenzlingen.de\/w\/wp-content\/uploads\/2020\/05\/FormelsammlungHS9.pdf\" target=\"_blank\" rel=\"noopener noreferrer\">Einfache Formelsammlung f\u00fcr Mathe<\/a><\/p>\n<p><a href=\"https:\/\/www.youtube.com\/user\/MrWissen2go\" target=\"_blank\" rel=\"noopener noreferrer\">MrWissen2go &#8211; YouTube-Kanal von Mirko Drotschmann<\/a><\/p>\n<p><a href=\"https:\/\/www.zdf.de\/kinder\/logo\/\" target=\"_blank\" rel=\"noopener noreferrer\">logo! &#8211; Die Kindernachrichten<\/a><\/p>\n<p><a href=\"http:\/\/www.tagesschau.de\/100sekunden\/\" target=\"_blank\" rel=\"noopener noreferrer\">Tagesschau in 100 Sekunden<\/a><\/p>\n<p><a href=\"https:\/\/www.plan.de\/engagement-von-und-fuer-schulen\/fuer-den-unterricht\/sdg-nachhaltige-entwicklungsziele.html\" target=\"_blank\" rel=\"noopener noreferrer\">Ziele f\u00fcr nachhaltige Entwicklung<\/a><\/p>\n<p><a href=\"https:\/\/www.plan.de\/engagement-von-und-fuer-schulen\/fuer-den-unterricht\/kinder-der-welt\/leben-in-afrika-kinder-erzaehlen.html\" target=\"_blank\" rel=\"noopener noreferrer\">Kinder der Welt<\/a><\/p>\n<p><a href=\"https:\/\/nuertingen.edupool.de\/home?pid=t1v5vohh11gn3mn79o3bfvr491\" target=\"_blank\" rel=\"noopener noreferrer\">Medienzentrum N\u00fcrtingen<\/a><\/p>\n<p><a href=\"https:\/\/www.mitmischen.de\/top-thema\/default-0e3b14e457\/gg\" target=\"_blank\" rel=\"noopener noreferrer\">Der Deutsche Bundestag: mitmischen.de<\/a><\/p>\n","protected":false},"excerpt":{"rendered":"<p>Hier stellen wir Links und Dokumentendownloads in aktueller Version bereit. Schulordnung der Auwiesenschule Schulwegplan (pdf)<\/p>\n","protected":false},"author":1,"featured_media":0,"parent":0,"menu_order":0,"comment_status":"closed","ping_status":"closed","template":"","meta":{"_themeisle_gutenberg_block_has_review":false,"footnotes":""},"class_list":["post-43","page","type-page","status-publish","hentry"],"publishpress_future_action":{"enabled":false,"date":"2026-04-21 08:25:11","action":"change-status","newStatus":"draft","terms":[],"taxonomy":"","extraData":[]},"publishpress_future_workflow_manual_trigger":{"enabledWorkflows":[]},"_links":{"self":[{"href":"https:\/\/www.aws-neckartenzlingen.de\/w\/wp-json\/wp\/v2\/pages\/43","targetHints":{"allow":["GET"]}}],"collection":[{"href":"https:\/\/www.aws-neckartenzlingen.de\/w\/wp-json\/wp\/v2\/pages"}],"about":[{"href":"https:\/\/www.aws-neckartenzlingen.de\/w\/wp-json\/wp\/v2\/types\/page"}],"author":[{"embeddable":true,"href":"https:\/\/www.aws-neckartenzlingen.de\/w\/wp-json\/wp\/v2\/users\/1"}],"replies":[{"embeddable":true,"href":"https:\/\/www.aws-neckartenzlingen.de\/w\/wp-json\/wp\/v2\/comments?post=43"}],"version-history":[{"count":137,"href":"https:\/\/www.aws-neckartenzlingen.de\/w\/wp-json\/wp\/v2\/pages\/43\/revisions"}],"predecessor-version":[{"id":31018,"href":"https:\/\/www.aws-neckartenzlingen.de\/w\/wp-json\/wp\/v2\/pages\/43\/revisions\/31018"}],"wp:attachment":[{"href":"https:\/\/www.aws-neckartenzlingen.de\/w\/wp-json\/wp\/v2\/media?parent=43"}],"curies":[{"name":"wp","href":"https:\/\/api.w.org\/{rel}","templated":true}]}}