{"id":654,"date":"2018-02-26T17:55:27","date_gmt":"2018-02-26T16:55:27","guid":{"rendered":"http:\/\/www.aws-neckartenzlingen.de\/w\/?page_id=654"},"modified":"2021-12-17T19:37:39","modified_gmt":"2021-12-17T18:37:39","slug":"jobpaten","status":"publish","type":"page","link":"https:\/\/www.aws-neckartenzlingen.de\/w\/jobpaten\/","title":{"rendered":"Jobpaten"},"content":{"rendered":"<p><span style=\"font-family: Arial,serif;\"><span style=\"font-size: medium;\">Seit vielen Jahren unterst\u00fctzen unsere Jobpat*innen die Sch\u00fcler*innen bei der Berufsfindung und bei der Suche nach Praktikums- und Ausbildungspl\u00e4tzen.<\/span><\/span><\/p>\n<p><span style=\"font-family: Arial,serif;\"><span style=\"font-size: medium;\">Die Damen und Herren sind im Ruhestand und haben den Wunsch, junge Menschen zu f\u00f6rdern und zu unterst\u00fctzen. Sie bringen alle einen reichen Erfahrungsschatz nicht nur im Bereich der Ausbildung mit, verf\u00fcgen \u00fcber Kontakte in die Wirtschaft und k\u00f6nnen dadurch gezielt und erfolgreich f\u00fcr unsere Sch\u00fcler t\u00e4tig sein.<\/span><\/span><\/p>\n<p><span style=\"font-family: Arial,serif;\"><span style=\"font-size: medium;\">Die Jobpatinnen und Jobpaten betreuen nicht nur einzelne Sch\u00fcler: Sie nehmen auch am berufsorientierenden Unterricht teil und kommentieren Bewerbungsmappen oder trainieren Vorstellungsgespr\u00e4che. Auch Betriebsbesichtigungen werden von Ihnen organisiert und begleitet.<\/span><\/span><\/p>\n<p><span style=\"font-family: Arial,serif;\"><span style=\"font-size: medium;\">Ihre Mitarbeit ist von gro\u00dfem Wert f\u00fcr die Schulgemeinschaft.<\/span><\/span><\/p>\n<p><span style=\"font-size: 12pt;\">Eine Anfrage an die Jobpaten kann unter der E-Mail-Adresse <a href=\"mailto:jobpaten@aws-neckartenzlingen.de\">jobpaten@aws-neckartenzlingen.de<\/a> erfolgen.<\/span><\/p>\n","protected":false},"excerpt":{"rendered":"<p>Seit vielen Jahren unterst\u00fctzen unsere Jobpat*innen die Sch\u00fcler*innen bei der Berufsfindung und bei der Suche<\/p>\n","protected":false},"author":1,"featured_media":0,"parent":0,"menu_order":0,"comment_status":"closed","ping_status":"closed","template":"","meta":{"_themeisle_gutenberg_block_has_review":false,"footnotes":""},"class_list":["post-654","page","type-page","status-publish","hentry"],"publishpress_future_action":{"enabled":false,"date":"2026-04-28 15:11:49","action":"change-status","newStatus":"draft","terms":[],"taxonomy":"","extraData":[]},"publishpress_future_workflow_manual_trigger":{"enabledWorkflows":[]},"_links":{"self":[{"href":"https:\/\/www.aws-neckartenzlingen.de\/w\/wp-json\/wp\/v2\/pages\/654","targetHints":{"allow":["GET"]}}],"collection":[{"href":"https:\/\/www.aws-neckartenzlingen.de\/w\/wp-json\/wp\/v2\/pages"}],"about":[{"href":"https:\/\/www.aws-neckartenzlingen.de\/w\/wp-json\/wp\/v2\/types\/page"}],"author":[{"embeddable":true,"href":"https:\/\/www.aws-neckartenzlingen.de\/w\/wp-json\/wp\/v2\/users\/1"}],"replies":[{"embeddable":true,"href":"https:\/\/www.aws-neckartenzlingen.de\/w\/wp-json\/wp\/v2\/comments?post=654"}],"version-history":[{"count":9,"href":"https:\/\/www.aws-neckartenzlingen.de\/w\/wp-json\/wp\/v2\/pages\/654\/revisions"}],"predecessor-version":[{"id":26406,"href":"https:\/\/www.aws-neckartenzlingen.de\/w\/wp-json\/wp\/v2\/pages\/654\/revisions\/26406"}],"wp:attachment":[{"href":"https:\/\/www.aws-neckartenzlingen.de\/w\/wp-json\/wp\/v2\/media?parent=654"}],"curies":[{"name":"wp","href":"https:\/\/api.w.org\/{rel}","templated":true}]}}