{"id":665,"date":"2018-02-26T18:02:11","date_gmt":"2018-02-26T17:02:11","guid":{"rendered":"http:\/\/www.aws-neckartenzlingen.de\/w\/?page_id=665"},"modified":"2024-01-24T08:40:08","modified_gmt":"2024-01-24T07:40:08","slug":"bildungspartner","status":"publish","type":"page","link":"https:\/\/www.aws-neckartenzlingen.de\/w\/bildungspartner\/","title":{"rendered":"Betriebe &#038; Einrichtungen"},"content":{"rendered":"<p><strong><span style=\"font-size: 14pt;\"><a href=\"https:\/\/www.zieglersche.de\/sz-bempflingen\" target=\"_blank\" rel=\"noopener\"><img loading=\"lazy\" decoding=\"async\" class=\"size-medium wp-image-29529 alignleft\" src=\"https:\/\/www.aws-neckartenzlingen.de\/w\/wp-content\/uploads\/2023\/07\/zieglersche01-300x131.jpg\" alt=\"\" width=\"300\" height=\"131\" srcset=\"https:\/\/www.aws-neckartenzlingen.de\/w\/wp-content\/uploads\/2023\/07\/zieglersche01-300x131.jpg 300w, https:\/\/www.aws-neckartenzlingen.de\/w\/wp-content\/uploads\/2023\/07\/zieglersche01.jpg 524w\" sizes=\"auto, (max-width: 300px) 100vw, 300px\" \/><\/a>Seniorenzentrum Im Dorf<\/span><br \/>\n<\/strong><\/p>\n<p>Seit Juli 2023 pflegen wir eine Bildungspartnerschaft zum <a href=\"https:\/\/www.zieglersche.de\/sz-bempflingen\" target=\"_blank\" rel=\"noopener\">Seniorenzentrum Im Dorf<\/a> in Bempflingen.<\/p>\n<p align=\"left\">Das Seniorenzentrum bietet 45 Pl\u00e4tze f\u00fcr Seniorinnen und Senioren, die dort sowohl in vollstation\u00e4rer (Dauer-) Pflege als auch im Rahmen der Tagespflege sowie der Kurzzeit- bzw. Verhinderungspflege betreut werden. Tr\u00e4ger des Seniorenzentrums sind die <a href=\"https:\/\/www.zieglersche.de\/\" target=\"_blank\" rel=\"noopener\">Zieglerschen<\/a>.<\/p>\n<p align=\"left\">Die Zieglerschen sind ein diakonisches Unternehmen, das an mehr als 60 Standorten in ganz Baden-W\u00fcrttemberg\u00a0 Einrichtungen f\u00fcr Senioren und Menschen mit Behinderungen, Therapiezentren, Internate, Kinderg\u00e4rten, Beratungsstellen und vieles mehr betreibt.<\/p>\n<p>Die Kooperation unserer Schule mit dem Seniorenzentrum umfasst die Bereiche Praktika, Infoveranstaltungen f\u00fcr Sch\u00fclerInnen und Eltern, Pr\u00e4sentation an unserem Tag der Berufsorientierung sowie projektbezogenes Arbeiten mit Kleingruppen. So k\u00f6nnen neben Tages- und Wochenpraktika, die unsere Sch\u00fclerInnen dort ableisten, k\u00fcnftig beispielsweise Spiele- oder Backnachmittage im Seniorenzentrum stattfinden, die von den AES-Sch\u00fclerInnen unserer zehnten Klasse vorbereitet und durchgef\u00fchrt werden. Ebenso sind Zeitzeugenberichte im Sinne von &#8222;SeniorInnen erz\u00e4hlen von fr\u00fcher&#8220; m\u00f6glich.<\/p>\n<p>&nbsp;<\/p>\n<p><strong><a id=\"Daldrop\"><\/a><a href=\"https:\/\/www.daldrop.com\" target=\"_blank\" rel=\"noopener\"><img loading=\"lazy\" decoding=\"async\" class=\"size-full wp-image-28656 alignleft\" src=\"https:\/\/www.aws-neckartenzlingen.de\/w\/wp-content\/uploads\/2022\/06\/daldrop.jpg\" alt=\"\" width=\"300\" height=\"172\" \/><\/a><span style=\"font-size: 14pt;\">Daldrop + Dr. Ing. Huber GmbH &amp; Co KG<\/span><br \/>\n<\/strong><\/p>\n<p>Die Bildungspartnerschaft zum Neckartailfinger Unternehmen Daldrop besteht seit Juni 2022.<\/p>\n<p align=\"left\">Seit ihrer Gr\u00fcndung 1953 ist die Firma Daldrop + Dr.Ing.Huber in der Luft- und Klimatechnik t\u00e4tig. Schwerpunktm\u00e4\u00dfig befasst sich die Firma seit 1980 mit dem Bereich der Reinraumtechnik, indem sie entsprechende Anlagen plant, liefert und montiert. Dar\u00fcber hinaus stellt das Unternehmen eigene Wand- und Deckensysteme f\u00fcr die Reinraumtechnik her.<\/p>\n<p align=\"left\">Neben Konstruktionsmechaniker\/in bietet Daldrop auch die Berufsbilder Elektroniker\/in f\u00fcr Betriebstechnik und Technische\/r Systemplaner\/in als Ausbildungsm\u00f6glichkeiten an. Damit stehen drei Berufsbilder mit gro\u00dfem k\u00fcnftigen Entwicklungspotential f\u00fcr unsere Sch\u00fclerinnen und Sch\u00fcler zur Wahl.<\/p>\n<p align=\"left\">Bereits im November 2021 fand die erste Kooperation zwischen dem Unternehmen und unserer Schule statt: Sch\u00fcler*innen der neunten Klasse bauten in den Werkst\u00e4tten der Firma einen <a href=\"https:\/\/www.aws-neckartenzlingen.de\/w\/2021\/11\/10\/neuntklaessler-bauen-spielgeraetewagen-fuer-den-grundschul-pausenhof\/\">Spielger\u00e4tewagen<\/a>, der in den Pausen auf dem Schulhof zum Einsatz kommt.<\/p>\n<p>Ausgehend vom Erfolg dieses Projekts entstand die Bildungspartnerschaft, die neben Betriebsbesichtigungen und der Vermittlung von Praktika weitere Projekte zur Herstellung von Magnettafeln, Regalen und anderen Organisationshilfen f\u00fcr die Klassen- und Fachr\u00e4ume zum Inhalt hat.<\/p>\n<p>&nbsp;<\/p>\n<p><span style=\"font-size: 14pt;\"><strong><img loading=\"lazy\" decoding=\"async\" class=\"size-medium wp-image-1239 alignleft\" src=\"https:\/\/www.aws-neckartenzlingen.de\/w\/wp-content\/uploads\/2018\/10\/veit-300x172.jpg\" alt=\"\" width=\"300\" height=\"172\" \/><a id=\"Veit\"><\/a>B\u00e4ckerhaus Veit<\/strong><\/span><\/p>\n<p><span style=\"font-size: 12pt;\">Seit Oktober 2018 besteht eine Bildungspartnerschaft zwischen der Auwiesenschule und dem B\u00e4ckerhaus Veit in Bempflingen (<a href=\"https:\/\/www.baeckerhaus-veit.de\/baeckerhaus-veit\/videosstandard.htm\" target=\"_blank\" rel=\"noopener noreferrer\">Link zum Film<\/a>).<br \/>\n<\/span><\/p>\n<p><span style=\"font-size: 12pt;\">Das B\u00e4ckerhaus Veit ist mit seinen zahlreichen Filialen und Caf\u00e9s jedem in der Region bekannt. Die Backwaren werden in Bempflingen produziert. Was viele nicht wissen: Dort werden auch die Teige f\u00fcr die Backwaren selbst hergestellt. In einem Projektgarten in Beuren werden alte Getreidesorten angebaut und auf ihre m\u00f6gliche Verwendung in der Backstube getestet. Ein aktuelles Beispiel daf\u00fcr ist im Film \u00fcber die <a href=\"https:\/\/www.baeckerhaus-veit.de\/baeckerhaus-veit\/regionale-projekte-dickkopf-weizen.htm\" target=\"_blank\" rel=\"noopener noreferrer\">Rettung des Dickkopfweizens<\/a> dargestellt.<br \/>\n<\/span><\/p>\n<p><span style=\"font-size: 12pt;\">Die Auwiesenschule hatte sich die Bildungspartnerschaft gew\u00fcnscht, weil die Firma Veit in f\u00fcnf Berufen ausbildet: B\u00e4cker und Konditoren, Fachkr\u00e4fte f\u00fcr die Systemgastronomie, Fachverk\u00e4ufer und Kaufleute f\u00fcr B\u00fcromanagement.<\/span><\/p>\n<p><span style=\"font-size: 12pt;\">Diese Berufe sollen die Sch\u00fcler im Rahmen von <a href=\"https:\/\/www.baeckerhaus-veit.de\/jobs-und-ausbildung\/schueler-praktikum.htm\" target=\"_blank\" rel=\"noopener noreferrer\">Praktika<\/a> und Projekten kennenlernen. Auszubildende und ein ehemaliger Sch\u00fcler, der bereits den Meister als Konditor erreicht hat, werden gerne in die Auwiesenschule kommen, um \u00fcber ihre Erfahrungen zu berichten. Im Rahmen von Informationsveranstaltungen sollen die Eltern \u00fcber die Karrierem\u00f6glichkeiten im B\u00e4ckerhandwerk informiert werden.<\/span><\/p>\n<p><span style=\"font-size: 12pt;\">Die Firma Veit produziert nachhaltig und regional. Wir freuen uns auf Projekte im Bereich gesunde Ern\u00e4hrung und k\u00f6nnen zu Fu\u00df zum Backhaus laufen, um dort bei der Herstellung der Backwaren zuzusehen.<\/span><\/p>\n<p>&nbsp;<\/p>\n<p><a href=\"http:\/\/www.botek.de\/\" target=\"_blank\" rel=\"noopener noreferrer\"><b><img loading=\"lazy\" decoding=\"async\" class=\"size-medium wp-image-752 alignleft\" src=\"https:\/\/www.aws-neckartenzlingen.de\/w\/wp-content\/uploads\/2018\/03\/botek-300x172.jpg\" alt=\"\" width=\"300\" height=\"172\" srcset=\"https:\/\/www.aws-neckartenzlingen.de\/w\/wp-content\/uploads\/2018\/03\/botek-300x172.jpg 300w, https:\/\/www.aws-neckartenzlingen.de\/w\/wp-content\/uploads\/2018\/03\/botek.jpg 447w\" sizes=\"auto, (max-width: 300px) 100vw, 300px\" \/><\/b><\/a><b><br \/>\n<span style=\"font-size: 14pt;\"><a id=\"botek\"><\/a>Botek<\/span><\/b><\/p>\n<p><span style=\"font-size: 12pt;\">Die Firma Botek in Riederich produziert und vermarktet Werkzeuge zum Tieflochbohren und Hartmetallwerkzeuge.<\/span><\/p>\n<p><span style=\"font-size: 12pt;\">Das mittelst\u00e4ndische Familienunternehmen hat fr\u00fch erkannt, dass die Suche nach Fachkr\u00e4ften und deren Aus-und Weiterbildung den Erfolg der Firma mitbegr\u00fcnden.<\/span><\/p>\n<p><span style=\"font-size: 12pt;\">Im Januar 2013 wurde deshalb ein Kooperationsvertrag mit der Auwiesenschule abgeschlossen, der ein j\u00e4hrliches Projekt im Bereich der Metallverarbeitung beinhaltet.<\/span><\/p>\n<p><span style=\"font-size: 12pt;\">Botek erm\u00f6glichte Sch\u00fclerInnen die Teilnahme an einem Kommunikationsseminar und gab ihnen schon mehrfach die Gelegenheit, im Rahmen von Tagespraktika die Abl\u00e4ufe im Bereich der Auftragsabwicklung kennenzulernen. Auch Betriebsbesichtigungen wurden durchgef\u00fchrt und unsere Sch\u00fcler nutzen diese Gelegenheit gerne, um sich f\u00fcr ein Wochenpraktikum zu bewerben.<\/span><\/p>\n<p>&nbsp;<\/p>\n<p><b><a href=\"https:\/\/www.edeka.de\/eh\/s%C3%BCdwest\/edeka-h%C3%B6schele-n%C3%BCrtinger-stra%C3%9Fe-91\/index.jsp\" target=\"_blank\" rel=\"noopener noreferrer\"><img loading=\"lazy\" decoding=\"async\" class=\"size-medium wp-image-1095 alignleft\" src=\"https:\/\/www.aws-neckartenzlingen.de\/w\/wp-content\/uploads\/2018\/07\/Edeka-300x172.jpg\" alt=\"\" width=\"300\" height=\"172\" \/><\/a><span style=\"font-size: 14pt;\"><br \/>\nEDEKA-M\u00e4rkte H\u00f6schele<\/span> <\/b><\/p>\n<p><span style=\"font-size: 12pt;\">Seit Juni 2018 sind Frau und Herr H\u00f6schele unsere Bildungspartner.<\/span><\/p>\n<p><span style=\"font-size: 12pt;\">Sie sind Inhaber der EDEKA-M\u00e4rkte in Gro\u00dfbettlingen, Rommelsbach und Aichtal-Gr\u00f6tzingen.<\/span><\/p>\n<p><span style=\"font-size: 12pt;\">Der EDEKA-Markt in Gro\u00dfbettlingen feierte 2018 sein 111-j\u00e4hriges Bestehen, denn Frau H\u00f6scheles Urgro\u00dfvater geh\u00f6rte zu den ersten Einzelh\u00e4ndlern, die sich der EDEKA-Genossenschaft bei deren Gr\u00fcndung anschlossen. Es gibt in ganz Deutschland \u00fcber 6000 EDEKA-M\u00e4rkte, die vorwiegend von privaten Inhabern gef\u00fchrt werden. Die Gesch\u00e4fte zeigen ein einheitliches Erscheinungsbild, unterscheiden sich aber in ihrem auf regionale Produkte ausgerichteten Warensortiment.<\/span><\/p>\n<p><span style=\"font-size: 12pt;\">Als H\u00f6scheles ihre Arbeit erstmalig vor Sch\u00fclern pr\u00e4sentierten, wurde deutlich, dass sie mit gro\u00dfer Freude Einzelh\u00e4ndler sind. Sie sch\u00e4tzen an ihrer Selbstst\u00e4ndigkeit, dass sie gestalten und eigenverantwortlich Entscheidungen treffen k\u00f6nnen.<\/span><\/p>\n<p><span style=\"font-size: 12pt;\">Frau und Herr H\u00f6schele werden in Zukunft auch an unseren Elternabenden teilnehmen und \u00fcber die verschiedenen Ausbildungsberufe im Einzelhandel berichten. Sie bieten den Sch\u00fclern der Auwiesenschule an, ein Praktikum in einem der drei M\u00e4rkte zu absolvieren. In Gro\u00dfbettlingen werden zum Beispiel die Berufe Verk\u00e4uferin\/Verk\u00e4ufer, Einzelhandelskauffrau\/Einzelhandelskaufmann, Frischespezialistin\/Frischespezialist und Fleischerin\/Fleischer ausgebildet.<\/span><\/p>\n<p><span style=\"font-size: 12pt;\">Das Angebot, dass eine Ern\u00e4hrungsberaterin in unseren Unterricht kommt, werden wir ebenso gerne nutzen wie die anderen M\u00f6glichkeiten, die uns diese Bildungspartnerschaft er\u00f6ffnet.<\/span><\/p>\n<p>&nbsp;<\/p>\n<p><strong><a href=\"http:\/\/drk-seniorenzentren.de\/unsere-haeuser\/haus-am-schoenrain-neckartenzlingen.html\" target=\"_blank\" rel=\"noopener noreferrer\"><img loading=\"lazy\" decoding=\"async\" class=\"size-medium wp-image-1020 alignleft\" src=\"https:\/\/www.aws-neckartenzlingen.de\/w\/wp-content\/uploads\/2018\/04\/HausSchoenrain-300x172.jpg\" alt=\"\" width=\"300\" height=\"172\" srcset=\"https:\/\/www.aws-neckartenzlingen.de\/w\/wp-content\/uploads\/2018\/04\/HausSchoenrain-300x172.jpg 300w, https:\/\/www.aws-neckartenzlingen.de\/w\/wp-content\/uploads\/2018\/04\/HausSchoenrain.jpg 447w\" sizes=\"auto, (max-width: 300px) 100vw, 300px\" \/><\/a><\/strong><\/p>\n<p><strong><span style=\"font-size: 14pt;\"><br \/>\n<a id=\"senioren\"><\/a>Haus am Sch\u00f6nrain<\/span><\/strong><\/p>\n<p><span style=\"font-size: 12pt;\">Die Bildungspartnerschaft mit dem DRK-Seniorenheim \u201eHaus am Sch\u00f6nrain\u201c in Neckartenzlingen wurde im April 2018 geschlossen.<\/span><\/p>\n<p><span style=\"font-size: 12pt;\">Das Seniorenheim bietet 16 betreute Wohnungen an und auch Wohnbereiche f\u00fcr Kurzzeit- und Dauerpflege mit 62 Pl\u00e4tzen.<\/span><\/p>\n<p><span style=\"font-size: 12pt;\">Das Team der Mitarbeiter besteht aus Altenpfleger\/Innen, Gesundheits- und Krankenpfleger \/Innen, Pflegehelfer\/Innen und hauswirtschaftlichen Helferinnen. Erg\u00e4nzt wird es durch Auszubildende der Altenpflege, Praktikant\/Innen und FSJler\/Innen (Freiwilliges Soziales Jahr) und BFDler\/Innen (Bundesfreiwilligendienst).<\/span><\/p>\n<p><span style=\"font-size: 12pt;\">Der Kooperationsvertrag sieht Projekte im Bereich der Pflege vor ebenso wie die Planung und Durchf\u00fchrung von Veranstaltungen, die Teilnahme an individuellen Sch\u00fclerpraktika und ein Angebot f\u00fcr den Boys\u2018 Day.<\/span><\/p>\n<p><span style=\"font-size: 12pt;\">Da das Haus am Sch\u00f6nrain nicht weit vom Schulzentrum entfernt liegt, streben wir eine lebendige Kooperation mit vielen Begegnungsm\u00f6glichkeiten zwischen den Senioren und den Auwiesensch\u00fclern an.<\/span><\/p>\n<p>&nbsp;<\/p>\n","protected":false},"excerpt":{"rendered":"<p>Seniorenzentrum Im Dorf Seit Juli 2023 pflegen wir eine Bildungspartnerschaft zum Seniorenzentrum Im Dorf in<\/p>\n","protected":false},"author":1,"featured_media":0,"parent":0,"menu_order":0,"comment_status":"closed","ping_status":"closed","template":"","meta":{"_themeisle_gutenberg_block_has_review":false,"footnotes":""},"class_list":["post-665","page","type-page","status-publish","hentry"],"publishpress_future_action":{"enabled":false,"date":"2026-05-24 05:04:31","action":"change-status","newStatus":"draft","terms":[],"taxonomy":"","extraData":[]},"publishpress_future_workflow_manual_trigger":{"enabledWorkflows":[]},"_links":{"self":[{"href":"https:\/\/www.aws-neckartenzlingen.de\/w\/wp-json\/wp\/v2\/pages\/665","targetHints":{"allow":["GET"]}}],"collection":[{"href":"https:\/\/www.aws-neckartenzlingen.de\/w\/wp-json\/wp\/v2\/pages"}],"about":[{"href":"https:\/\/www.aws-neckartenzlingen.de\/w\/wp-json\/wp\/v2\/types\/page"}],"author":[{"embeddable":true,"href":"https:\/\/www.aws-neckartenzlingen.de\/w\/wp-json\/wp\/v2\/users\/1"}],"replies":[{"embeddable":true,"href":"https:\/\/www.aws-neckartenzlingen.de\/w\/wp-json\/wp\/v2\/comments?post=665"}],"version-history":[{"count":88,"href":"https:\/\/www.aws-neckartenzlingen.de\/w\/wp-json\/wp\/v2\/pages\/665\/revisions"}],"predecessor-version":[{"id":29924,"href":"https:\/\/www.aws-neckartenzlingen.de\/w\/wp-json\/wp\/v2\/pages\/665\/revisions\/29924"}],"wp:attachment":[{"href":"https:\/\/www.aws-neckartenzlingen.de\/w\/wp-json\/wp\/v2\/media?parent=665"}],"curies":[{"name":"wp","href":"https:\/\/api.w.org\/{rel}","templated":true}]}}