{"id":671,"date":"2018-02-26T18:05:08","date_gmt":"2018-02-26T17:05:08","guid":{"rendered":"http:\/\/www.aws-neckartenzlingen.de\/w\/?page_id=671"},"modified":"2025-10-13T17:02:07","modified_gmt":"2025-10-13T15:02:07","slug":"links-zur-berufsorientierung","status":"publish","type":"page","link":"https:\/\/www.aws-neckartenzlingen.de\/w\/links-zur-berufsorientierung\/","title":{"rendered":"Links zur Berufsorientierung"},"content":{"rendered":"<p style=\"padding-left: 40px;\"><strong><span style=\"font-size: 14pt;\">Beratung<\/span> <span style=\"font-size: 14pt;\">und Infos zu Berufen und Betrieben<\/span><\/strong><\/p>\n<ul>\n<li>Die zentrale Telefonnummer der <a href=\"https:\/\/www.arbeitsagentur.de\/bildung\/berufsberatung\" target=\"_blank\" rel=\"noopener noreferrer\">Berufsberatung<\/a> bei der Agentur f\u00fcr Arbeit N\u00fcrtingen: 0711\/93930930 (Di., Mi., Do. 13.00-16.00 Uhr)<\/li>\n<li>Ausbildungspl\u00e4tze finden: <a href=\"https:\/\/meine-ausbildung-in-deutschland.de\/\" target=\"_blank\" rel=\"noopener\">Meine Ausbildung in Deutschland.<\/a><\/li>\n<li>Die <a href=\"https:\/\/kmz-es.taskcards.app\/#\/board\/4fd27d18-ce22-4f08-872a-386c9c9fa2d2\/view\" target=\"_blank\" rel=\"noopener\">BO-Plattform f\u00fcr den Landkreis Esslingen<\/a>: St\u00e4ndig aktualisierte Linkliste rund um die Berufswahl. (short url: <a href=\"https:\/\/t.ly\/YCoC3\">https<\/a><a href=\"https:\/\/t.ly\/YCoC3\" target=\"_blank\" rel=\"noopener\">:\/\/t.ly\/YCoC3<\/a>)<\/li>\n<li>Die <a href=\"https:\/\/berufswahlapp.de\/\" target=\"_blank\" rel=\"noopener\">Berufswahlapp<\/a> (bwa)<\/li>\n<li>Wann muss ich mich um was k\u00fcmmern? <a href=\"https:\/\/planet-beruf.de\/schuelerinnen\/meinwegzumberuf\" target=\"_blank\" rel=\"noopener\">Berufswahlfahrplan<\/a> #<em>meinwegzumberuf<\/em> f\u00fcr Eltern und Sch\u00fcler\/innen<\/li>\n<li>Infos zum <a href=\"https:\/\/www.uebergangschuleberuf-bw.de\/\" target=\"_blank\" rel=\"noopener\">\u00dcbergang von der Schule in den Beruf<\/a><\/li>\n<li><a href=\"https:\/\/planet-beruf.de\/lehrkraefte-und-bo-coaches\/material-zum-download\/beruf-aktuell-lexikon-der-ausbildungsberufe\" target=\"_blank\" rel=\"noopener\">Beruf Aktuell:<\/a> Das Lexikon der Ausbildungsberufe<\/li>\n<li>Berufsfelder bei <a href=\"https:\/\/planet-beruf.de\/schuelerinnen\/welche-ausbildungen-gibt-es\/welche-berufe-gibt-es\/berufsfelder\/\" target=\"_blank\" rel=\"noopener noreferrer\">planet-beruf.de<\/a><\/li>\n<li><a href=\"https:\/\/www.br.de\/fernsehen\/ard-alpha\/sendungen\/ich-machs\/index.html\" target=\"_blank\" rel=\"noopener\">&#8222;Ich mach&#8217;s&#8220;<\/a>: Mehr als 400 Berufe im Film vorgestellt.<\/li>\n<li>Berufe.NET &#8211; <a href=\"https:\/\/berufenet.arbeitsagentur.de\/berufenet\/\" target=\"_blank\" rel=\"noopener noreferrer\">Berufsinfos der Arbeitsagentur<\/a><\/li>\n<li>Info-Flyer des <a href=\"https:\/\/www.fritz-ruoff-schule.de\/wp-content\/uploads\/Flyer__GeneralistischeAusbildung_Bildungscampus.pdf\" target=\"_blank\" rel=\"noopener\">Bildungscampus f\u00fcr Pflegeberufe<\/a> in N\u00fcrtingen.<\/li>\n<li><a href=\"http:\/\/www.bo-bw.de\" target=\"_blank\" rel=\"noopener noreferrer\">BO-BW<\/a>: Das Portal f\u00fcr die berufliche Orientierung in Baden-W\u00fcrttemberg<\/li>\n<li>Berufe entdecken bei <a href=\"https:\/\/www.gut-ausgebildet.de\" target=\"_blank\" rel=\"noopener noreferrer\">gut-ausgebildet.de<\/a><\/li>\n<li><a href=\"https:\/\/www.azubitv.de\/\" target=\"_blank\" rel=\"noopener noreferrer\">azubiTV<\/a> \u2013 Mehr als 130 Handwerksberufe zum Anschauen<\/li>\n<li>Beroobi: <a href=\"http:\/\/www.beroobi.de\/berufe-finden\/berufe-a-z.html\" target=\"_blank\" rel=\"noopener noreferrer\" data-slimstat=\"5\">Infos und Tagesabl\u00e4ufe zu vielen Berufen<\/a><\/li>\n<li><a href=\"https:\/\/www.hwk-stuttgart.de\/artikel\/berufsorientierung-digitale-angebote-in-der-corona-phase-67,0,2321.html\" target=\"_blank\" rel=\"noopener noreferrer\">Berufsorientierung<\/a>: Digitale Angebote der Handwerkskammer Region Stuttgart<\/li>\n<li><a href=\"https:\/\/www.klischee-frei.de\/de\/klischeefrei_53006.php#\" target=\"_blank\" rel=\"noopener\">Klischeefreie<\/a> Berufsorientierung<\/li>\n<\/ul>\n<hr \/>\n<p><span style=\"font-size: 14pt;\"><strong>Selbsterkundung und Bewerbung<\/strong><\/span><\/p>\n<ul>\n<li>Was passt zu mir?<a href=\"http:\/\/www.check-u.de\" target=\"_blank\" rel=\"noopener noreferrer\"> Check-U<\/a>: das Selbsterkundungstool der Agentur f\u00fcr Arbeit (ab Klasse 8).<\/li>\n<li><a href=\"https:\/\/planet-beruf.de\/eltern-und-erziehungsberechtigte\/tools-fuer-die-berufswahl-meines-kindes\" target=\"_blank\" rel=\"noopener\">Berufswahltools<\/a> f\u00fcr unterschiedliche Altersgruppen auf der \u00dcbersichtsseite der Agentur f\u00fcr Arbeit.<\/li>\n<li><a href=\"https:\/\/www.bildungsnavi-bw.de\/\" target=\"_blank\" rel=\"noopener noreferrer\">Bildungsnavi<\/a> Baden-W\u00fcrttemberg<\/li>\n<li><a href=\"https:\/\/www.arbeitsagentur.de\/vor-ort\/rd-nsb\/joe-geht-zum-bewerbungsgespraech\" target=\"_blank\" rel=\"noopener noreferrer\">Joe geht zum ersten Bewerbungsgespr\u00e4ch<\/a> &#8211; Clips zu &#8222;guten&#8220; und &#8222;schlechten&#8220; Bewerbungsgespr\u00e4chen.<\/li>\n<li><a href=\"https:\/\/www.hwk-stuttgart.de\/artikel\/richtig-bewerben-so-klappts-mit-dem-ausbildungsplatz-67,0,489.html\" target=\"_blank\" rel=\"noopener\">Richtig bewerben<\/a>. Tipps der Handwerkskammer zu Bewerbung und Vorstellungsgespr\u00e4ch.<\/li>\n<li>Bewerbungstipps, Eignungstests und mehr bei <a href=\"https:\/\/www.azubiyo.de\/\" target=\"_blank\" rel=\"noopener noreferrer\">Azubiyo.<\/a><\/li>\n<li><a href=\"https:\/\/www.ausbildungspark.com\/youbotplus-der-bewerbungsassistent\/\" target=\"_blank\" rel=\"noopener noreferrer\">YouBot Plus<\/a> \u2013 Der interaktive Bewerbungsassistent.<\/li>\n<\/ul>\n<hr \/>\n<p><strong><span style=\"font-size: 14pt;\">Aktuelle Ausbildungsplatzangebote, Praktika, Messen &amp; Infoveranstaltungen<\/span><\/strong><\/p>\n<ul>\n<li><a href=\"https:\/\/www.ihk-lehrstellenboerse.de\" target=\"_blank\" rel=\"noopener noreferrer\">Lehrstellenb\u00f6rse<\/a> der IHK<\/li>\n<li><a href=\"https:\/\/praktikumswoche.de\/regionen\/baden-wuerttemberg\" target=\"_blank\" rel=\"noopener\">Praktikumswochen<\/a> &#8211; Infos und Registrierung<\/li>\n<li><a href=\"https:\/\/www.festo.com\/de\/de\/e\/karriere\/ausbildung-und-duales-studium\/nacht-der-bewerber-standort-esslingen-id_1309208\/\">Nacht der Bewerber<\/a> bei FESTO im Ausbildungszentrum Esslingen-Berkheim im Mai<\/li>\n<li>App f\u00fcrs Smartphone: Lehrstellensuche mit dem <a href=\"https:\/\/www.azubitv.de\/ausbildungsplaetze\/lehrstellenradar-fuers-smartphone\" target=\"_blank\" rel=\"noopener noreferrer\">Lehrstellenradar.<\/a><\/li>\n<\/ul>\n<hr \/>\n<p><span style=\"font-size: 14pt;\"><strong>Allgemeines zur Berufsorientierung f\u00fcr Sch\u00fcler, Eltern und Lehrer<\/strong><\/span><\/p>\n<ul>\n<li><a href=\"http:\/\/www.planet-beruf.de\/lehrerinnen\/unterricht-mit-planet-berufde\/downloads\/download-unterrichtsmaterial\/\" target=\"_blank\" rel=\"noopener noreferrer\">Materialsammlung<\/a> der Agentur f\u00fcr Arbeit f\u00fcr den Berufswahlunterricht.<\/li>\n<li><a href=\"https:\/\/eltern-bo.kultus-bw.de\/de\/\" target=\"_blank\" rel=\"noopener\">Starke Eltern<\/a> in der BO<\/li>\n<li><a href=\"https:\/\/bo.zsl-bw.de\/,Lde\/Startseite\" target=\"_blank\" rel=\"noopener\">BO-Sammlung beim ZSL<\/a><\/li>\n<li>Zum Lernspiel <a href=\"https:\/\/lernspiel.meister-power.de\/accounts\/sign_in\" target=\"_blank\" rel=\"noopener noreferrer\">Meister-Power<\/a> (Anmeldung erforderlich).<\/li>\n<li><a href=\"https:\/\/www.barkreditcheck.de\/ratgeber-fuer-azubis-ausbildung-finanzieren-moeglichkeiten\/\" target=\"_blank\" rel=\"noopener noreferrer\">Finanztipps f\u00fcr Azubis.<\/a><\/li>\n<\/ul>\n<hr \/>\n<p>Zu den <a href=\"https:\/\/www.aws-neckartenzlingen.de\/w\/praktika\/\">Formularen und Checklisten f\u00fcrs Praktikum<\/a> geht&#8217;s hier<\/p>\n","protected":false},"excerpt":{"rendered":"<p>Beratung und Infos zu Berufen und Betrieben Die zentrale Telefonnummer der Berufsberatung bei der Agentur<\/p>\n","protected":false},"author":1,"featured_media":0,"parent":0,"menu_order":0,"comment_status":"closed","ping_status":"closed","template":"","meta":{"_themeisle_gutenberg_block_has_review":false,"footnotes":""},"class_list":["post-671","page","type-page","status-publish","hentry"],"publishpress_future_action":{"enabled":false,"date":"2026-05-02 14:14:01","action":"change-status","newStatus":"draft","terms":[],"taxonomy":"","extraData":[]},"publishpress_future_workflow_manual_trigger":{"enabledWorkflows":[]},"_links":{"self":[{"href":"https:\/\/www.aws-neckartenzlingen.de\/w\/wp-json\/wp\/v2\/pages\/671","targetHints":{"allow":["GET"]}}],"collection":[{"href":"https:\/\/www.aws-neckartenzlingen.de\/w\/wp-json\/wp\/v2\/pages"}],"about":[{"href":"https:\/\/www.aws-neckartenzlingen.de\/w\/wp-json\/wp\/v2\/types\/page"}],"author":[{"embeddable":true,"href":"https:\/\/www.aws-neckartenzlingen.de\/w\/wp-json\/wp\/v2\/users\/1"}],"replies":[{"embeddable":true,"href":"https:\/\/www.aws-neckartenzlingen.de\/w\/wp-json\/wp\/v2\/comments?post=671"}],"version-history":[{"count":132,"href":"https:\/\/www.aws-neckartenzlingen.de\/w\/wp-json\/wp\/v2\/pages\/671\/revisions"}],"predecessor-version":[{"id":30847,"href":"https:\/\/www.aws-neckartenzlingen.de\/w\/wp-json\/wp\/v2\/pages\/671\/revisions\/30847"}],"wp:attachment":[{"href":"https:\/\/www.aws-neckartenzlingen.de\/w\/wp-json\/wp\/v2\/media?parent=671"}],"curies":[{"name":"wp","href":"https:\/\/api.w.org\/{rel}","templated":true}]}}