{"id":674,"date":"2018-02-26T18:05:56","date_gmt":"2018-02-26T17:05:56","guid":{"rendered":"http:\/\/www.aws-neckartenzlingen.de\/w\/?page_id=674"},"modified":"2025-03-14T17:39:43","modified_gmt":"2025-03-14T16:39:43","slug":"berufsinfoboerse","status":"publish","type":"page","link":"https:\/\/www.aws-neckartenzlingen.de\/w\/berufsinfoboerse\/","title":{"rendered":"Berufsinfob\u00f6rse"},"content":{"rendered":"<p><span style=\"font-family: Arial,serif;\"><span style=\"font-size: medium;\"><img loading=\"lazy\" decoding=\"async\" class=\"wp-image-2016 alignright\" src=\"https:\/\/www.aws-neckartenzlingen.de\/w\/wp-content\/uploads\/2019\/10\/Berufsboerse19-300x184.jpg\" alt=\"\" width=\"403\" height=\"247\" srcset=\"https:\/\/www.aws-neckartenzlingen.de\/w\/wp-content\/uploads\/2019\/10\/Berufsboerse19-300x184.jpg 300w, https:\/\/www.aws-neckartenzlingen.de\/w\/wp-content\/uploads\/2019\/10\/Berufsboerse19-768x472.jpg 768w, https:\/\/www.aws-neckartenzlingen.de\/w\/wp-content\/uploads\/2019\/10\/Berufsboerse19-1024x630.jpg 1024w, https:\/\/www.aws-neckartenzlingen.de\/w\/wp-content\/uploads\/2019\/10\/Berufsboerse19.jpg 1171w\" sizes=\"auto, (max-width: 403px) 100vw, 403px\" \/><\/span><\/span><span style=\"font-family: arial, helvetica, sans-serif;\"><span style=\"font-size: medium;\">Jedes Jahr findet auf dem Gel\u00e4nde des Schulzentrums Neckartenzlingen eine Berufsinformationsb\u00f6rse statt.<\/span><\/span><\/p>\n<p><span style=\"font-family: arial, helvetica, sans-serif;\"><span style=\"font-size: medium;\">Zahlreiche Betriebe, Institutionen und weiterf\u00fchrende Schulen geben Sch\u00fclern und <\/span><span style=\"font-size: medium;\">Eltern Gelegenheit, sich \u00fcber Ausbildungsangebote zu informieren. <\/span><\/span><\/p>\n<p><span style=\"font-family: arial, helvetica, sans-serif;\"><span style=\"font-size: medium;\">Viele Sch\u00fcler konnten sich auf diesem Wege Praktikumspl\u00e4tze sichern, die in der Vergangenheit schon manches Mal in eine Ausbildung gef\u00fchrt haben.<\/span><\/span><\/p>\n<p><span style=\"font-family: arial, helvetica, sans-serif;\">Die Sch\u00fclerinnen und Sch\u00fcler erhalten rechtzeitig vor der B\u00f6rse einen Flyer, der \u00fcber die teilnehmenden Aussteller informiert. Der Besuch der B\u00f6rse wird im Unterricht vor- und nachbereitet.<\/span><\/p>\n<p><span style=\"font-family: arial, helvetica, sans-serif;\">Die Sch\u00fcler*innen wirken bei der Veranstaltung mit, indem Sie den Firmen beim Auf- und Abbau behilflich sind.<\/span><\/p>\n<p><span style=\"font-family: arial, helvetica, sans-serif;\"><strong><span style=\"font-size: medium;\">Die n\u00e4chste Berufsinfob\u00f6rse am Schulzentrum Neckartenzlingen ist f\u00fcr den 18.03.2025 geplant.<\/span><\/strong><\/span><\/p>\n<p>&nbsp;<\/p>\n<p><em><strong>\u00a0<\/strong><\/em><\/p>\n","protected":false},"excerpt":{"rendered":"<p>Jedes Jahr findet auf dem Gel\u00e4nde des Schulzentrums Neckartenzlingen eine Berufsinformationsb\u00f6rse statt. Zahlreiche Betriebe, Institutionen<\/p>\n","protected":false},"author":1,"featured_media":0,"parent":0,"menu_order":0,"comment_status":"closed","ping_status":"closed","template":"","meta":{"_themeisle_gutenberg_block_has_review":false,"footnotes":""},"class_list":["post-674","page","type-page","status-publish","hentry"],"publishpress_future_action":{"enabled":false,"date":"2026-04-12 17:29:01","action":"change-status","newStatus":"draft","terms":[],"taxonomy":"","extraData":[]},"publishpress_future_workflow_manual_trigger":{"enabledWorkflows":[]},"_links":{"self":[{"href":"https:\/\/www.aws-neckartenzlingen.de\/w\/wp-json\/wp\/v2\/pages\/674","targetHints":{"allow":["GET"]}}],"collection":[{"href":"https:\/\/www.aws-neckartenzlingen.de\/w\/wp-json\/wp\/v2\/pages"}],"about":[{"href":"https:\/\/www.aws-neckartenzlingen.de\/w\/wp-json\/wp\/v2\/types\/page"}],"author":[{"embeddable":true,"href":"https:\/\/www.aws-neckartenzlingen.de\/w\/wp-json\/wp\/v2\/users\/1"}],"replies":[{"embeddable":true,"href":"https:\/\/www.aws-neckartenzlingen.de\/w\/wp-json\/wp\/v2\/comments?post=674"}],"version-history":[{"count":32,"href":"https:\/\/www.aws-neckartenzlingen.de\/w\/wp-json\/wp\/v2\/pages\/674\/revisions"}],"predecessor-version":[{"id":30548,"href":"https:\/\/www.aws-neckartenzlingen.de\/w\/wp-json\/wp\/v2\/pages\/674\/revisions\/30548"}],"wp:attachment":[{"href":"https:\/\/www.aws-neckartenzlingen.de\/w\/wp-json\/wp\/v2\/media?parent=674"}],"curies":[{"name":"wp","href":"https:\/\/api.w.org\/{rel}","templated":true}]}}