{"id":676,"date":"2018-02-26T18:06:31","date_gmt":"2018-02-26T17:06:31","guid":{"rendered":"http:\/\/www.aws-neckartenzlingen.de\/w\/?page_id=676"},"modified":"2026-01-15T13:43:26","modified_gmt":"2026-01-15T12:43:26","slug":"praktika","status":"publish","type":"page","link":"https:\/\/www.aws-neckartenzlingen.de\/w\/praktika\/","title":{"rendered":"Praktika"},"content":{"rendered":"<p>Unseren Sch\u00fcler*innen bieten wir in der Werkrealschule eine Vielzahl von Praxiserfahrungen. Sie alle stellen bedeutsame Bausteine im Berufsorientierungsprozess dar:<\/p>\n<p><strong>Sozialpraktikum in Klasse 7:<\/strong> Alle Sch\u00fcler*innen der Klassenstufe sieben leisten ein Halbjahr lang an einem Nachmittag im Umfang von zwei Stunden ein Praktikum in einer sozialen Einrichtung (Kita, Seniorenpflegeeinrichtung, Ortsb\u00fccherei, Sportverein&#8230;) ab. Alternativ nehmen die Sch\u00fcler*innen ein Halbjahr lang an der Sozial-AG teil.<\/p>\n<p><strong>Zwei Wochenpraktika in Klasse 8:<\/strong> Im zweiten Halbjahr der Klasse acht absolvieren alle Sch\u00fcler*innen zwei einw\u00f6chige Praktika in einem Berufsbild ihrer Wahl. Als Entscheidungshilfe zur Wahl des Praktikums dient ihnen unter anderem das Online-Selbsterkundungstool <a href=\"https:\/\/www.arbeitsagentur.de\/bildung\/welche-ausbildung-welches-studium-passt\" target=\"_blank\" rel=\"noopener noreferrer\">Check-U<\/a>. Der Prozess der Akquise und Bewerbung verl\u00e4uft selbst\u00e4ndig, wobei Unterst\u00fctzung durch Lehrkr\u00e4fte und Jobpaten sowie durch die digitale Infrastruktur der Schule gegeben ist.<br \/>\nDie Sch\u00fcler*innen sind gehalten, in den beiden Praxiswochen zwei unterschiedliche Berufe, m\u00f6glichst aus unterschiedlichen Berufsfeldern auszuprobieren.<\/p>\n<p><strong>Ein Wochenpraktikum in Klasse 9:<\/strong> Zu Beginn des neunten Schuljahrs findet das dritte Wochenpraktikum statt. Idealerweise probieren die Sch\u00fcler*innen hier nun einen der beiden bereits zuvor erprobten Berufe erneut aus um so zus\u00e4tzliche Sicherheit im Berufswahlprozess zu gewinnen.<\/p>\n<p><strong>Tagespraktikum in\u00a0 Klasse 10:<\/strong> Diejenigen Sch\u00fcler*innen, die in Klasse 10 den Hauptschulabschluss anstreben, f\u00fchren ein w\u00f6chentliches Tagespraktikum durch. Sie sind montags nicht in der Schule, sondern erwerben in einem Betrieb Ihrer Wahl zus\u00e4tzliche Praxiserfahrungen.<\/p>\n<p><strong>Ferienpraktika:<\/strong> Neben den genannten Praktika werden Sch\u00fcler*innen ermutigt, zus\u00e4tzliche Ferienpraktika zu machen, diese haben den Status eines Schulpraktikums, sofern sie \u00fcber die Schule genehmigt werden.<\/p>\n<p><strong>Beachten Sie bitte, dass f\u00fcr die Teilnahme an Berufspraktika eine private Haftpflichtversicherung dringend empfohlen wird.<\/strong><\/p>\n<p>Alle f\u00fcr die Praktika notwendigen Formbl\u00e4tter sind Eltern und Sch\u00fcler*innen hier zug\u00e4nglich.<\/p>\n<p><span style=\"font-size: 14pt;\"><strong>Download der Dokumente f\u00fcr das Sozialpraktikum in Klasse 7<\/strong><\/span><\/p>\n<p><a href=\"https:\/\/www.aws-neckartenzlingen.de\/w\/wp-content\/uploads\/2025\/03\/1-Sozialpraktikum-Liste-der-Praktikumsplaetze.pdf\" target=\"_blank\" rel=\"noopener\">Liste der m\u00f6glichen Praktikumspl\u00e4tze (pdf)<\/a><\/p>\n<p><a href=\"https:\/\/www.aws-neckartenzlingen.de\/w\/wp-content\/uploads\/2026\/01\/Sozialpraktikum-Elternbrief.docx\">Elternanschreiben zum Sozialpraktikum (docx)<\/a><\/p>\n<p><a href=\"https:\/\/www.aws-neckartenzlingen.de\/w\/wp-content\/uploads\/2026\/01\/Sozialpraktikum_Anschreiben-mit-Ruecklauf.docx\">Anschreiben an die Institutionen mit Best\u00e4tigungsr\u00fccklauf (docx)<\/a><\/p>\n<p><a href=\"https:\/\/www.aws-neckartenzlingen.de\/w\/wp-content\/uploads\/2025\/03\/2-Sozialpraktikum-Rueckmeldebogen.pdf\" target=\"_blank\" rel=\"noopener\">R\u00fcckmeldebogen f\u00fcr die Praktikumsnachmittage (pdf)<\/a><\/p>\n<p><span style=\"font-size: 14pt;\"><strong>Download der Dokumente f\u00fcr die<\/strong><strong> einw\u00f6chigen Praktika in Klassen 8 und 9<br \/>\n<\/strong><\/span><\/p>\n<p><a href=\"https:\/\/www.aws-neckartenzlingen.de\/w\/wp-content\/uploads\/2023\/12\/Anschreiben-Praktikum-Betriebe.pdf\" target=\"_blank\" rel=\"noopener\">Anschreiben an die Praktikumsbetriebe (pdf)<\/a><\/p>\n<p><a href=\"https:\/\/www.aws-neckartenzlingen.de\/w\/wp-content\/uploads\/2023\/12\/Bestaetigung-Praktikum.pdf\" target=\"_blank\" rel=\"noopener\">Best\u00e4tigungsformular f\u00fcrs Sch\u00fclerpraktikum (pdf)<\/a><\/p>\n<p><a href=\"https:\/\/www.aws-neckartenzlingen.de\/w\/wp-content\/uploads\/2018\/03\/Rueckmeldebogen-Praktikum.pdf\" target=\"_blank\" rel=\"noopener noreferrer\">R\u00fcckmeldebogen Betriebspraktikum (pdf)<\/a><\/p>\n<p><a href=\"https:\/\/www.aws-neckartenzlingen.de\/w\/wp-content\/uploads\/2017\/11\/Mein_Praktikumsbericht.doc\" target=\"_blank\" rel=\"noopener noreferrer\">Vorlage f\u00fcr den Praktikumsbericht mit Editierm\u00f6glichkeit (doc)<\/a><\/p>\n<p><a href=\"https:\/\/www.aws-neckartenzlingen.de\/w\/wp-content\/uploads\/2020\/03\/Checkliste-Praktikumsbericht.pdf\" target=\"_blank\" rel=\"noopener noreferrer\">Checkliste f\u00fcr den Praktikumsbericht (pdf)<\/a><\/p>\n<p><a href=\"https:\/\/www.aws-neckartenzlingen.de\/w\/wp-content\/uploads\/2017\/11\/Vorlage_PPT_Praktikum.pdf\" target=\"_blank\" rel=\"noopener noreferrer\">Vorlage f\u00fcr die Pr\u00e4sentationsfolien zum Praktikum (pdf)<\/a><\/p>\n<p><span style=\"font-size: 14pt;\"><strong>Download der Dokumente f\u00fcr das <\/strong><\/span><strong><span style=\"font-size: 14pt;\">Tagespraktikum in Klasse 10<\/span><br \/>\n<\/strong><\/p>\n<p><a href=\"https:\/\/www.aws-neckartenzlingen.de\/w\/wp-content\/uploads\/2020\/11\/3_Praktikum-in-Klasse-10-BRIEF-AN-BETRIEBE.pdf\" target=\"_blank\" rel=\"noopener noreferrer\">Anschreiben an die Praktikumsbetriebe (pdf)<\/a><\/p>\n<p><a href=\"https:\/\/www.aws-neckartenzlingen.de\/w\/wp-content\/uploads\/2020\/11\/4_Praktikum-in-Klasse-10-NACHWEIS.pdf\" target=\"_blank\" rel=\"noopener noreferrer\">Best\u00e4tigungsformular f\u00fcrs Tagespraktikum (pdf)<\/a><\/p>\n<hr \/>\n","protected":false},"excerpt":{"rendered":"<p>Unseren Sch\u00fcler*innen bieten wir in der Werkrealschule eine Vielzahl von Praxiserfahrungen. Sie alle stellen bedeutsame<\/p>\n","protected":false},"author":1,"featured_media":0,"parent":0,"menu_order":0,"comment_status":"closed","ping_status":"closed","template":"","meta":{"_themeisle_gutenberg_block_has_review":false,"footnotes":""},"class_list":["post-676","page","type-page","status-publish","hentry"],"publishpress_future_action":{"enabled":false,"date":"2026-04-21 11:12:11","action":"change-status","newStatus":"draft","terms":[],"taxonomy":"","extraData":[]},"publishpress_future_workflow_manual_trigger":{"enabledWorkflows":[]},"_links":{"self":[{"href":"https:\/\/www.aws-neckartenzlingen.de\/w\/wp-json\/wp\/v2\/pages\/676","targetHints":{"allow":["GET"]}}],"collection":[{"href":"https:\/\/www.aws-neckartenzlingen.de\/w\/wp-json\/wp\/v2\/pages"}],"about":[{"href":"https:\/\/www.aws-neckartenzlingen.de\/w\/wp-json\/wp\/v2\/types\/page"}],"author":[{"embeddable":true,"href":"https:\/\/www.aws-neckartenzlingen.de\/w\/wp-json\/wp\/v2\/users\/1"}],"replies":[{"embeddable":true,"href":"https:\/\/www.aws-neckartenzlingen.de\/w\/wp-json\/wp\/v2\/comments?post=676"}],"version-history":[{"count":56,"href":"https:\/\/www.aws-neckartenzlingen.de\/w\/wp-json\/wp\/v2\/pages\/676\/revisions"}],"predecessor-version":[{"id":31010,"href":"https:\/\/www.aws-neckartenzlingen.de\/w\/wp-json\/wp\/v2\/pages\/676\/revisions\/31010"}],"wp:attachment":[{"href":"https:\/\/www.aws-neckartenzlingen.de\/w\/wp-json\/wp\/v2\/media?parent=676"}],"curies":[{"name":"wp","href":"https:\/\/api.w.org\/{rel}","templated":true}]}}