{"id":78,"date":"2017-11-10T20:41:32","date_gmt":"2017-11-10T19:41:32","guid":{"rendered":"http:\/\/www.aws-neckartenzlingen.de\/w\/?page_id=78"},"modified":"2023-08-03T15:54:42","modified_gmt":"2023-08-03T13:54:42","slug":"die-grundschule","status":"publish","type":"page","link":"https:\/\/www.aws-neckartenzlingen.de\/w\/die-grundschule\/","title":{"rendered":"Grundschule"},"content":{"rendered":"<p>Die Grundschule ist die gemeinsame Grundstufe des Schulwesens.<\/p>\n<p>Sie vermittelt Grundkenntnisse und Grundfertigkeiten. Ihr besonderer Auftrag ist gekennzeichnet durch die allm\u00e4hliche Hinf\u00fchrung der Sch\u00fcler von den spielerischen Formen zu den schulischen Formen des Lernens und Arbeitens.<\/p>\n<p>Dazu geh\u00f6ren die Entfaltung der verschiedenen Begabungen der Sch\u00fcler in einem gemeinsamen Bildungsgang, die Ein\u00fcbung von Verhaltensweisen f\u00fcr das Zusammenleben sowie die F\u00f6rderung der Kr\u00e4fte des eigenen Gestaltens und des sch\u00f6pferischen Ausdrucks.<\/p>\n<p>Die Grundschule umfasst vier Schuljahre.<\/p>\n<h2>Aufgaben und Ziele<\/h2>\n<p>In die Grundschule treten Kinder mit unterschiedlichen individuellen Lernvoraussetzungen und Lernerfahrungen ein. Sie bringen, gepr\u00e4gt von der Familie und beeinflusst durch die Umwelt, unterschiedliche Einstellungen, Erwartungen und Hoffnungen in die Schule mit. Unabh\u00e4ngig von dieser individuellen Entwicklung sollen die Kinder am Ende der Grundschulzeit \u00fcber vergleichbare Grundkenntnisse und Fertigkeiten verf\u00fcgen.<\/p>\n<h2>Die Aufgaben der Grundschule<\/h2>\n<p><strong>Die Grundschule<\/strong><\/p>\n<ul>\n<li>f\u00f6rdert die verschiedenen Begabungen der Kinder in einem gemeinsamen, vierj\u00e4hrigen Bildungsgang<\/li>\n<li>weckt die sittliche, religi\u00f6se und freiheitlich-demokratische Gesinnung, auf der das Zusammenleben gr\u00fcndet<\/li>\n<li>\u00fcbt Verhaltensweisen und Umgangsformen ein, die f\u00fcr das Miteinanderleben &#8211; auch in der Schule &#8211; wichtig sind<\/li>\n<li>bef\u00e4higt die Kinder, aufeinander zu h\u00f6ren und voneinander zu lernen, und h\u00e4lt Jungen und M\u00e4dchen zu einem partnerschaftlichen Verhalten an<\/li>\n<li>erzieht zu sozialer Bew\u00e4hrung und zum selbstverst\u00e4ndlichen Umgang mit Menschen unterschiedlicher sozialer und kultureller Herkunft sowie zum Zusammenleben mit Menschen mit Behinderungen<\/li>\n<li>f\u00f6rdert das Bewusstsein f\u00fcr elementare, technische, wirtschaftliche und \u00f6kologische Zusammenh\u00e4nge und erzieht zur Verantwortung gegen\u00fcber der Natur<\/li>\n<li>setzt die im vorschulischen Alter begonnenen vielf\u00e4ltigen Lernprozesse fort<\/li>\n<li>entfaltet verborgene und noch nicht entwickelte F\u00e4higkeiten oder Eigenschaften durch f\u00f6rdernde und ermutigende Hilfen<\/li>\n<li>f\u00fchrt die Kinder von den Formen spielerischen zu den systematisierten Formen schulischen Lernens und Arbeitens<\/li>\n<li>f\u00f6rdert die Kr\u00e4fte des eigenen Gestaltens und des sch\u00f6pferischen Ausdrucks<\/li>\n<li>strebt den Erwerb gesicherter Kenntnisse an und \u00fcbt Fertigkeiten ein, die f\u00fcr die Lebensbew\u00e4ltigung wichtig und f\u00fcr die Schularbeit grundlegend sind.<\/li>\n<\/ul>\n<h2>Grunds\u00e4tze der Unterrichtgestaltung<\/h2>\n<p>Erziehung und Unterricht in der Grundschule orientieren sich am emotionalen, psychomotorischen, intellektuellen und sozialen Entwicklungsstand der Kinder. Alle Erziehungs- und Bildungsprozesse kn\u00fcpfen an den Erlebnis- und Erfahrungshorizont des Kindes an und erweitern ihn. Anschaulichkeit, Lebensn\u00e4he und Handlungsbezug sowie kindgem\u00e4\u00dfe Aufgabenstellungen und vielf\u00e4ltige Formen des Lernens, \u00dcbens und Wiederholens sind unverzichtbare Grundelemente eines entwicklungsgem\u00e4\u00dfen Unterrichts.<\/p>\n<p>In der Grundschule ist f\u00e4cherverbindendes Arbeiten durchg\u00e4ngiges Prinzip des Unterrichts. Insbesondere im freien Arbeiten und im projektorientierten Lernen haben Kinder die M\u00f6glichkeit, f\u00e4cherverbindend zu Themen aus dem Bildungsplan oder aus ihrer Lebenswirklichkeit zu arbeiten. Der ganzheitliche, auf die Pers\u00f6nlichkeit des Kindes ausgerichtete Erziehungs- und Bildungsauftrag der Grundschule wird durch f\u00e4cherverbindendes Arbeiten betont.<\/p>\n<p>Zu dieser ganzheitlichen Erziehung geh\u00f6rt auch, dass M\u00e4dchen und Jungen ihre geschlechtliche Identit\u00e4t finden. Im Unterricht m\u00fcssen sie sich bei aller Verschiedenheit als gleichberechtigt und gleichwertig wahrnehmen, indem ihre unterschiedlichen Lebenserfahrungen, Interessen und Bed\u00fcrfnisse ernst genommen und sie zu kooperativem Umgang angehalten werden.<\/p>\n<p>(Quelle: <a href=\"http:\/\/www.kultusportal-bw.de\/servlet\/PB\/menu\/1188470\/index.html?ROOT=1146607\" target=\"_blank\" rel=\"noopener\">http:\/\/www.kultusportal-bw.de\/servlet\/PB\/menu\/1188470\/index.html?ROOT=1146607 <\/a>)<\/p>\n<h2>Kernzeitbetreuung<\/h2>\n<p>Falls Sie Bedarf daf\u00fcr haben, ist es m\u00f6glich, dass Ihr Kind in der Zeit von 7.00 Uhr bis 13.00 Uhr \u00fcber den Unterricht heraus im Rahmen der Kernzeitbetreuung\/BedarfsOrientiertenBetreuung im Rahmen eines besonderen Angebots betreut wird. N\u00e4here Informationen dazu erhalten Sie im Sekretariat.<\/p>\n<h2>Musische F\u00f6rderung<\/h2>\n<p>Durch zwei Kooperationen mit \u00f6rtlichen Vereinen k\u00f6nnen wir Ihrem Kind zwei besondere Angebote machen:<\/p>\n<p>1. Die <strong>Sing &amp; Swing-AG<\/strong>: Sch\u00fcler\/innnen der Klassen 1-4 k\u00f6nnen jeweils Dienstags von 16-17 Uhr im Musiksaal singen, tanzen, ihre Stimme und musischen F\u00e4higkeiten schulen und dies bei Gro\u00dfauftritten der Chorwerkstatt auch \u00f6ffentlich zeigen. Informationen: Heike Weis (Tel. 07127\/237752), Katrin Werner (Tel.: 07123\/360870) oder im Sekretariat<\/p>\n<p>2. Die <strong>Bl\u00e4serklasse<\/strong>: Sch\u00fcler der Klassenstufen 3 und 4 k\u00f6nnen in einem Bildungsgang zus\u00e4tzlich zum Musikunterricht w\u00e4hrend der Schulzeit ein Blech- oder Holzblasinstrument erlernen. Unterricht und Instrument werden gegen eine geringe Geb\u00fchr von der Schule in Kooperation mit dem Musikverein Neckartenzlingen zur Verf\u00fcgung gestellt.<\/p>\n<p>Informationen: Yvonne Nielitz (Tel.: 07127\/22165) oder im Sekretariat<\/p>\n<hr \/>\n<p>2023\/24: Die Auwiesenschule macht sich auf den Weg zur <a href=\"https:\/\/km-bw.de\/,Lde\/startseite\/schule\/rechtsanspruch-ganztagsbetreuung-im-grundschulalter?QUERYSTRING=abschlusspr%26uuml%3Bfungen+2024\" target=\"_blank\" rel=\"noopener\">Ganztagsgrundschule<\/a><\/p>\n<p>Informationen zur <a href=\"https:\/\/km-bw.de\/Grundschule\" target=\"_blank\" rel=\"noopener\">Grundschule<\/a> auf der Seite des Kultusministeriums Baden-W\u00fcrttemberg<\/p>\n","protected":false},"excerpt":{"rendered":"<p>Die Grundschule ist die gemeinsame Grundstufe des Schulwesens. Sie vermittelt Grundkenntnisse und Grundfertigkeiten. Ihr besonderer<\/p>\n","protected":false},"author":1,"featured_media":562,"parent":0,"menu_order":0,"comment_status":"closed","ping_status":"closed","template":"","meta":{"_themeisle_gutenberg_block_has_review":false,"footnotes":""},"class_list":["post-78","page","type-page","status-publish","has-post-thumbnail","hentry"],"publishpress_future_action":{"enabled":false,"date":"2026-05-23 06:50:13","action":"change-status","newStatus":"draft","terms":[],"taxonomy":"","extraData":[]},"publishpress_future_workflow_manual_trigger":{"enabledWorkflows":[]},"_links":{"self":[{"href":"https:\/\/www.aws-neckartenzlingen.de\/w\/wp-json\/wp\/v2\/pages\/78","targetHints":{"allow":["GET"]}}],"collection":[{"href":"https:\/\/www.aws-neckartenzlingen.de\/w\/wp-json\/wp\/v2\/pages"}],"about":[{"href":"https:\/\/www.aws-neckartenzlingen.de\/w\/wp-json\/wp\/v2\/types\/page"}],"author":[{"embeddable":true,"href":"https:\/\/www.aws-neckartenzlingen.de\/w\/wp-json\/wp\/v2\/users\/1"}],"replies":[{"embeddable":true,"href":"https:\/\/www.aws-neckartenzlingen.de\/w\/wp-json\/wp\/v2\/comments?post=78"}],"version-history":[{"count":8,"href":"https:\/\/www.aws-neckartenzlingen.de\/w\/wp-json\/wp\/v2\/pages\/78\/revisions"}],"predecessor-version":[{"id":29595,"href":"https:\/\/www.aws-neckartenzlingen.de\/w\/wp-json\/wp\/v2\/pages\/78\/revisions\/29595"}],"wp:featuredmedia":[{"embeddable":true,"href":"https:\/\/www.aws-neckartenzlingen.de\/w\/wp-json\/wp\/v2\/media\/562"}],"wp:attachment":[{"href":"https:\/\/www.aws-neckartenzlingen.de\/w\/wp-json\/wp\/v2\/media?parent=78"}],"curies":[{"name":"wp","href":"https:\/\/api.w.org\/{rel}","templated":true}]}}