{"id":79,"date":"2017-11-10T20:41:32","date_gmt":"2017-11-10T19:41:32","guid":{"rendered":"http:\/\/www.aws-neckartenzlingen.de\/w\/?page_id=79"},"modified":"2024-11-15T19:48:46","modified_gmt":"2024-11-15T18:48:46","slug":"werkrealschule-im-ueberblick","status":"publish","type":"page","link":"https:\/\/www.aws-neckartenzlingen.de\/w\/werkrealschule-im-ueberblick\/","title":{"rendered":"\u00dcberblick Werkrealschule"},"content":{"rendered":"<p style=\"text-align: left;\" align=\"center\">In der Werkrealschule haben alle Sch\u00fcler unserer Schule die M\u00f6glichkeit, in einem sechsj\u00e4hrigen Bildungsgang die Mittlere Reife abzulegen.<\/p>\n<p><a href=\"https:\/\/www.aws-neckartenzlingen.de\/w\/wp-content\/uploads\/2024\/02\/BildungswegeBW-1.jpg\" target=\"_blank\" rel=\"noopener\"><img loading=\"lazy\" decoding=\"async\" class=\"alignnone wp-image-29973\" src=\"https:\/\/www.aws-neckartenzlingen.de\/w\/wp-content\/uploads\/2024\/02\/BildungswegeBW-1-300x168.jpg\" alt=\"\" width=\"704\" height=\"394\" srcset=\"https:\/\/www.aws-neckartenzlingen.de\/w\/wp-content\/uploads\/2024\/02\/BildungswegeBW-1-300x168.jpg 300w, https:\/\/www.aws-neckartenzlingen.de\/w\/wp-content\/uploads\/2024\/02\/BildungswegeBW-1-1024x575.jpg 1024w, https:\/\/www.aws-neckartenzlingen.de\/w\/wp-content\/uploads\/2024\/02\/BildungswegeBW-1-768x431.jpg 768w, https:\/\/www.aws-neckartenzlingen.de\/w\/wp-content\/uploads\/2024\/02\/BildungswegeBW-1.jpg 1405w\" sizes=\"auto, (max-width: 704px) 100vw, 704px\" \/><\/a><\/p>\n<p>Zu un\u00fcbersichtlich? Hilfe bei der Schulwegeplanung: <a href=\"http:\/\/www.bildungsnavi-bw.de\/\" target=\"_blank\" rel=\"noopener noreferrer\">Bildungsnavi Baden-W\u00fcrttemberg<\/a><\/p>\n<h3 style=\"text-align: left;\" align=\"center\"><strong>Informationen f\u00fcr Eltern der Werkrealschule Klasse 9<\/strong><\/h3>\n<p style=\"text-align: left;\" align=\"center\">Die Werkrealschule (WRS) hat einen besonderen p\u00e4dagogischen Ansatz. Sie f\u00fchrt wie die Realschule zu einer Mittleren Reife und vermittelt durch eine sehr spezielle Berufsvorbereitungskonzeption gerade die F\u00e4higkeiten, Fertigkeiten und das Wissen, die f\u00fcr eine Ausbildung im dualen System erforderlich sind. Hier einige Informationen, welche Entscheidungen in Klasse 9 getroffen werden sollten.<\/p>\n<div>\n<h3><span style=\"font-family: inherit; font-size: 24px; font-weight: bold;\">Das Profil der Werkrealschule<\/span><\/h3>\n<\/div>\n<p align=\"left\">Die Werkrealschule vermittelt eine grundlegende und eine erweiterte allgemeine Bildung, die sich an lebensnahen Sachverhalten und Aufgabenstellungen orientiert.<\/p>\n<p>Sie f\u00f6rdert in besonderem Ma\u00dfe praktische Begabungen, Neigungen und Leistungen und st\u00e4rkt die Sch\u00fcler in ihrer Pers\u00f6nlichkeitsentwicklung. Sie erm\u00f6glicht den Sch\u00fclern entsprechend ihrer Leistungsf\u00e4higkeit und ihren Neigungen eine individuelle Schwerpunktbildung insbesondere bei der beruflichen Orientierung. In enger Abstimmung mit beruflichen Schulen schafft sie die Grundlage f\u00fcr eine Berufsausbildung und f\u00fcr weiterf\u00fchrende, insbesondere berufsbezogene schulische Bildungsg\u00e4nge.<\/p>\n<h3><strong>Die Bildungsziele<\/strong><\/h3>\n<div>\n<p>Die Werkrealschule ist eine weiterf\u00fchrende Schule, die im Anschluss an die Grundschule in einem durchgehenden Bildungsgang bis Klasse 10 zur Mittleren Reife f\u00fchrt und dabei<\/p>\n<\/div>\n<div>einen qualifizierten Hauptschulabschluss in Klasse 9 oder 10 erm\u00f6glicht.<\/div>\n<div><\/div>\n<div>Sie bereitet somit den \u00dcbergang in das duale Ausbildungssystem vor, schafft Grundlagen f\u00fcr eine gelingende Berufsausbildung und bereitet auf weiterf\u00fchrende berufliche Bildungsg\u00e4nge (Berufskolleg, berufliche Gymnasien usw.) vor.<\/div>\n<h3><strong>Das Konzept der Werkrealschule<\/strong><\/h3>\n<p>Das Lernen in der Werkrealschule ist auf die Bildungsbed\u00fcrfnisse und auf den Bildungsanspruch von Sch\u00fclerinnen und Sch\u00fclern mit sehr unterschiedlichen Lernvoraussetzungen zugeschnitten. Deshalb stellt sich die Werkrealschule auf die F\u00f6rderung unterschiedlicher Begabungen, Neigungen, Interessen, Kultur- und Sozialerfahrungen ein, nimmt die vielf\u00e4ltigen Lernvoraussetzungen ihrer Sch\u00fclerinnen und Sch\u00fcler auf, f\u00f6rdert ihre Motivation und ihre Leistungsbereitschaft und f\u00fchrt sie zu gesicherten Lernergebnissen.<\/p>\n<p>Mehr Info: Die Bildungsg\u00e4nge <a href=\"https:\/\/km.baden-wuerttemberg.de\/de\/schule\/hauptschule\/werkrealschule\/paedagogisches-konzept\" target=\"_blank\" rel=\"noopener\">Hauptschule\/Werkrealschule<\/a> auf der Seite des Kultusministeriums Baden-W\u00fcrttemberg<\/p>\n","protected":false},"excerpt":{"rendered":"<p>In der Werkrealschule haben alle Sch\u00fcler unserer Schule die M\u00f6glichkeit, in einem sechsj\u00e4hrigen Bildungsgang die<\/p>\n","protected":false},"author":1,"featured_media":383,"parent":0,"menu_order":0,"comment_status":"closed","ping_status":"closed","template":"","meta":{"_themeisle_gutenberg_block_has_review":false,"footnotes":""},"class_list":["post-79","page","type-page","status-publish","has-post-thumbnail","hentry"],"publishpress_future_action":{"enabled":false,"date":"2026-04-30 10:29:56","action":"change-status","newStatus":"draft","terms":[],"taxonomy":"","extraData":[]},"publishpress_future_workflow_manual_trigger":{"enabledWorkflows":[]},"_links":{"self":[{"href":"https:\/\/www.aws-neckartenzlingen.de\/w\/wp-json\/wp\/v2\/pages\/79","targetHints":{"allow":["GET"]}}],"collection":[{"href":"https:\/\/www.aws-neckartenzlingen.de\/w\/wp-json\/wp\/v2\/pages"}],"about":[{"href":"https:\/\/www.aws-neckartenzlingen.de\/w\/wp-json\/wp\/v2\/types\/page"}],"author":[{"embeddable":true,"href":"https:\/\/www.aws-neckartenzlingen.de\/w\/wp-json\/wp\/v2\/users\/1"}],"replies":[{"embeddable":true,"href":"https:\/\/www.aws-neckartenzlingen.de\/w\/wp-json\/wp\/v2\/comments?post=79"}],"version-history":[{"count":67,"href":"https:\/\/www.aws-neckartenzlingen.de\/w\/wp-json\/wp\/v2\/pages\/79\/revisions"}],"predecessor-version":[{"id":30311,"href":"https:\/\/www.aws-neckartenzlingen.de\/w\/wp-json\/wp\/v2\/pages\/79\/revisions\/30311"}],"wp:featuredmedia":[{"embeddable":true,"href":"https:\/\/www.aws-neckartenzlingen.de\/w\/wp-json\/wp\/v2\/media\/383"}],"wp:attachment":[{"href":"https:\/\/www.aws-neckartenzlingen.de\/w\/wp-json\/wp\/v2\/media?parent=79"}],"curies":[{"name":"wp","href":"https:\/\/api.w.org\/{rel}","templated":true}]}}