{"id":946,"date":"2018-04-12T09:29:04","date_gmt":"2018-04-12T07:29:04","guid":{"rendered":"http:\/\/www.aws-neckartenzlingen.de\/w\/?page_id=946"},"modified":"2025-07-15T13:07:41","modified_gmt":"2025-07-15T11:07:41","slug":"arbeitsagentur","status":"publish","type":"page","link":"https:\/\/www.aws-neckartenzlingen.de\/w\/arbeitsagentur\/","title":{"rendered":"Berufsberater"},"content":{"rendered":"<p><span style=\"font-size: 12pt;\"><strong>Agentur f\u00fcr Arbeit<\/strong><\/span><\/p>\n<p><span style=\"font-size: 12pt;\"><img loading=\"lazy\" decoding=\"async\" class=\" wp-image-29069 alignleft\" src=\"https:\/\/www.aws-neckartenzlingen.de\/w\/wp-content\/uploads\/2022\/12\/HrMomberg-300x268.jpg\" alt=\"\" width=\"373\" height=\"333\" srcset=\"https:\/\/www.aws-neckartenzlingen.de\/w\/wp-content\/uploads\/2022\/12\/HrMomberg-300x268.jpg 300w, https:\/\/www.aws-neckartenzlingen.de\/w\/wp-content\/uploads\/2022\/12\/HrMomberg.jpg 500w\" sizes=\"auto, (max-width: 373px) 100vw, 373px\" \/>Carsten Momberg von der Agentur f\u00fcr Arbeit in N\u00fcrtingen ist den Sch\u00fclern von Klasse 8 bis 10 ein vertrauter Begleiter und Berater.<\/span><\/p>\n<p><span style=\"font-size: 12pt;\">Er kommt in die Klassen und zu den Elternabenden, um \u00fcber die duale Ausbildung, das berufliche Schulsystem und die Chancen auf dem Ausbildungs- und Arbeitsmarkt zu referieren. <\/span><\/p>\n<p><span style=\"font-size: 12pt;\">Er f\u00fchrt mit den Sch\u00fclern individuelle Beratungsgespr\u00e4che, zu denen auch die Eltern eingeladen werden.<\/span><\/p>\n<p>Dar\u00fcber hinaus bietet Herr Momberg eine monatliche Sprechstunde bei uns in der Schule an folgenden Dienstags-Terminen an:<\/p>\n<p><strong>23. September, 21. Oktober, 18. November, 16. Dezember 2025<\/strong><\/p>\n<p><strong>20. Januar, 10. Februar, 17. M\u00e4rz, 21. April, 19. Mai, 23. Juni 2026<\/strong><\/p>\n<p><strong>jeweils in <\/strong><strong>der Zeit von 8.30 bis 13.00 Uhr<\/strong><\/p>\n<p>In dieser Sprechstunde ber\u00e4t er zu Fragen rund um Praktika, Ausbildung oder weiterf\u00fchrende Schulen. Damit Herr Momberg seine Beratungstermine vorbereiten kann, werden interessierte Sch\u00fcler*innen gebeten, sich vorab in die Terminliste einzutragen, die im Sekretariat aush\u00e4ngt. Die Teilnahme von Eltern an diesen Beratungsterminen ist m\u00f6glich.<\/p>\n<p><span style=\"font-size: 12pt;\">Nach dem Gespr\u00e4ch sendet Herr Momberg jedem Sch\u00fcler die f\u00fcr ihn in Frage kommenden Ausbildungsangebote zu.<\/span><\/p>\n<p>Bei Bedarf ist auch au\u00dferhalb der Beratungstermine an der Schule nach telefonischer Terminvereinbarung eine Beratung jederzeit kurzfristig m\u00f6glich.<\/p>\n<p><strong>Carsten Momberg<\/strong><br \/>\nBerufsberater<br \/>\nTel: 07022\u00a0 92144-23<br \/>\nE-Mail: <a href=\"mailto:berufsberatung-es@arbeitsagentur.de\">berufsberatung-es@arbeitsagentur.de<\/a><\/p>\n","protected":false},"excerpt":{"rendered":"<p>Agentur f\u00fcr Arbeit Carsten Momberg von der Agentur f\u00fcr Arbeit in N\u00fcrtingen ist den Sch\u00fclern<\/p>\n","protected":false},"author":1,"featured_media":0,"parent":0,"menu_order":0,"comment_status":"closed","ping_status":"closed","template":"","meta":{"_themeisle_gutenberg_block_has_review":false,"footnotes":""},"class_list":["post-946","page","type-page","status-publish","hentry"],"publishpress_future_action":{"enabled":false,"date":"2026-04-28 15:11:49","action":"change-status","newStatus":"draft","terms":[],"taxonomy":"","extraData":[]},"publishpress_future_workflow_manual_trigger":{"enabledWorkflows":[]},"_links":{"self":[{"href":"https:\/\/www.aws-neckartenzlingen.de\/w\/wp-json\/wp\/v2\/pages\/946","targetHints":{"allow":["GET"]}}],"collection":[{"href":"https:\/\/www.aws-neckartenzlingen.de\/w\/wp-json\/wp\/v2\/pages"}],"about":[{"href":"https:\/\/www.aws-neckartenzlingen.de\/w\/wp-json\/wp\/v2\/types\/page"}],"author":[{"embeddable":true,"href":"https:\/\/www.aws-neckartenzlingen.de\/w\/wp-json\/wp\/v2\/users\/1"}],"replies":[{"embeddable":true,"href":"https:\/\/www.aws-neckartenzlingen.de\/w\/wp-json\/wp\/v2\/comments?post=946"}],"version-history":[{"count":45,"href":"https:\/\/www.aws-neckartenzlingen.de\/w\/wp-json\/wp\/v2\/pages\/946\/revisions"}],"predecessor-version":[{"id":30737,"href":"https:\/\/www.aws-neckartenzlingen.de\/w\/wp-json\/wp\/v2\/pages\/946\/revisions\/30737"}],"wp:attachment":[{"href":"https:\/\/www.aws-neckartenzlingen.de\/w\/wp-json\/wp\/v2\/media?parent=946"}],"curies":[{"name":"wp","href":"https:\/\/api.w.org\/{rel}","templated":true}]}}